{"id":46277,"date":"2022-01-11T16:35:54","date_gmt":"2022-01-11T15:35:54","guid":{"rendered":"https:\/\/zaansmuseum.nl\/?page_id=46277"},"modified":"2022-01-11T16:41:18","modified_gmt":"2022-01-11T15:41:18","slug":"zar-peter-haus-sehen-erleben","status":"publish","type":"page","link":"https:\/\/zaansmuseum.nl\/de\/zar-peter-haus\/zar-peter-haus-sehen-erleben\/","title":{"rendered":"Sehen &#038; Erleben (Zar-Peter-Haus)"},"content":{"rendered":"\n<style type=\"text\/css\" data-created_by=\"avia_inline_auto\" id=\"style-css-av-av_section-5adba1540654ccc06c1941759a64ad54\">\n.avia-section.av-av_section-5adba1540654ccc06c1941759a64ad54{\nbackground-repeat:no-repeat;\nbackground-image:url(https:\/\/zaansmuseum.nl\/wp-content\/uploads\/2020\/06\/Czaar-Peterhuisje-foto-Bart-Homburg-2-1500x630.jpg);\nbackground-position:50% 50%;\nbackground-attachment:fixed;\n}\n<\/style>\n<div id='av_section_1'  class='avia-section av-av_section-5adba1540654ccc06c1941759a64ad54 main_color avia-section-default avia-no-shadow  avia-builder-el-0  el_before_av_layout_row  avia-builder-el-first  avia-full-stretch avia-bg-style-fixed av-minimum-height av-minimum-height-50 av-height-50  container_wrap fullsize'  data-section-bg-repeat='stretch' data-av_minimum_height_pc='50' data-av_min_height_opt='50'><div class='container av-section-cont-open' ><main  role=\"main\" itemprop=\"mainContentOfPage\"  class='template-page content  av-content-full alpha units'><div class='post-entry post-entry-type-page post-entry-46277'><div class='entry-content-wrapper clearfix'>\n<\/div><\/div><\/main><!-- close content main element --><\/div><\/div><div id='av-layout-grid-1'  class='av-layout-grid-container av-av_layout_row-42fd8630215aff1cfd8b45bb424676b3 entry-content-wrapper main_color av-flex-cells  avia-builder-el-1  el_after_av_section  el_before_av_layout_row  grid-row-not-first  container_wrap fullsize'  >\n\n<style type=\"text\/css\" data-created_by=\"avia_inline_auto\" id=\"style-css-av-av_cell_one_full-9afe72e6a6eb6a4a94dc6304faadb634\">\n.flex_cell.av-av_cell_one_full-9afe72e6a6eb6a4a94dc6304faadb634{\nvertical-align:top;\nbackground-color:#d3755b;\n}\n.responsive #top #wrap_all .flex_cell.av-av_cell_one_full-9afe72e6a6eb6a4a94dc6304faadb634{\npadding:30px 30px 30px 30px !important;\n}\n<\/style>\n<div class='flex_cell av-av_cell_one_full-9afe72e6a6eb6a4a94dc6304faadb634 av-gridrow-cell av_one_full no_margin  avia-builder-el-2  avia-builder-el-no-sibling  content-align-top'  ><div class='flex_cell_inner'>\n<style type=\"text\/css\" data-created_by=\"avia_inline_auto\" id=\"style-css-av-av_heading-dd847731ac10ed942ba34da6e2a185fc\">\n#top .av-special-heading.av-av_heading-dd847731ac10ed942ba34da6e2a185fc{\npadding-bottom:10px;\ncolor:#ffffff;\n}\nbody .av-special-heading.av-av_heading-dd847731ac10ed942ba34da6e2a185fc .av-special-heading-tag .heading-char{\nfont-size:25px;\n}\n.av-special-heading.av-av_heading-dd847731ac10ed942ba34da6e2a185fc .special-heading-inner-border{\nborder-color:#ffffff;\n}\n.av-special-heading.av-av_heading-dd847731ac10ed942ba34da6e2a185fc .av-subheading{\nfont-size:15px;\n}\n<\/style>\n<div  class='av-special-heading av-av_heading-dd847731ac10ed942ba34da6e2a185fc av-special-heading-h1 custom-color-heading blockquote modern-quote  avia-builder-el-3  avia-builder-el-no-sibling '><h1 class='av-special-heading-tag '  itemprop=\"headline\"  >Sehen <span class='special_amp'>&amp;<\/span> Erleben<\/h1><div class=\"special-heading-border\"><div class=\"special-heading-inner-border\"><\/div><\/div><\/div>\n<\/div><\/div>\n<\/div>\n<div id='av-layout-grid-2'  class='av-layout-grid-container av-av_layout_row-caf1f26e08707a2ebe9176b630e736c2 entry-content-wrapper main_color av-flex-cells  avia-builder-el-4  el_after_av_layout_row  el_before_av_section  grid-row-not-first  container_wrap fullsize'  >\n\n<style type=\"text\/css\" data-created_by=\"avia_inline_auto\" id=\"style-css-av-av_cell_one_third-61869954845ae836cec700ad8485a41e\">\n.flex_cell.av-av_cell_one_third-61869954845ae836cec700ad8485a41e{\nvertical-align:top;\nbackground-color:#ffffff;\n}\n.responsive #top #wrap_all .flex_cell.av-av_cell_one_third-61869954845ae836cec700ad8485a41e{\npadding:30px 30px 30px 30px !important;\n}\n<\/style>\n<div class='flex_cell av-av_cell_one_third-61869954845ae836cec700ad8485a41e av-gridrow-cell av_one_third no_margin  avia-builder-el-5  el_before_av_cell_one_third  avia-builder-el-first  content-align-top'  ><div class='flex_cell_inner'><p>\n<style type=\"text\/css\" data-created_by=\"avia_inline_auto\" id=\"style-css-av-av_heading-550cab938a47f8fa9e5a78b3211f84bc\">\n#top .av-special-heading.av-av_heading-550cab938a47f8fa9e5a78b3211f84bc{\npadding-bottom:10px;\n}\nbody .av-special-heading.av-av_heading-550cab938a47f8fa9e5a78b3211f84bc .av-special-heading-tag .heading-char{\nfont-size:25px;\n}\n.av-special-heading.av-av_heading-550cab938a47f8fa9e5a78b3211f84bc .av-subheading{\nfont-size:15px;\n}\n<\/style>\n<div  class='av-special-heading av-av_heading-550cab938a47f8fa9e5a78b3211f84bc av-special-heading-h3 blockquote modern-quote  avia-builder-el-6  el_before_av_textblock  avia-builder-el-first '><h3 class='av-special-heading-tag '  itemprop=\"headline\"  >Zar-Peter-Haus<\/h3><div class=\"special-heading-border\"><div class=\"special-heading-inner-border\"><\/div><\/div><\/div><br \/>\n<section  class='av_textblock_section av-av_textblock-283972ea15f2e73870c23e2d6de3245d '   itemscope=\"itemscope\" itemtype=\"https:\/\/schema.org\/CreativeWork\" ><div class='avia_textblock'  itemprop=\"text\" ><p>Das Zar-Peter-Haus ist eines der \u00e4ltesten Holzh\u00e4user der Niederlande und das zweit\u00e4lteste Museum des Landes (nach dem Teylers-Museum in Haarlem). In diesem heute weltber\u00fchmten H\u00e4uschen wohnte der russische Zar Peter der Gro\u00dfe im Jahr 1697.<\/p>\n<\/div><\/section><br \/>\n<div  class='avia-button-wrap av-av_button-b57de04610bffc1bbc06370e3bf16d98-wrap avia-button-left  avia-builder-el-8  el_after_av_textblock  avia-builder-el-last '><a href='https:\/\/tickets.czaarpeterhuisje.nl\/de'  class='avia-button av-av_button-b57de04610bffc1bbc06370e3bf16d98 av-link-btn avia-icon_select-no avia-size-medium avia-position-left avia-color-orange'   aria-label=\"Tickets\"><span class='avia_iconbox_title' >Tickets<\/span><\/a><\/div><\/p>\n<\/div><\/div>\n<style type=\"text\/css\" data-created_by=\"avia_inline_auto\" id=\"style-css-av-av_cell_one_third-f0faa5c94183208a777ee380666e2711\">\n.flex_cell.av-av_cell_one_third-f0faa5c94183208a777ee380666e2711{\nvertical-align:top;\nbackground-color:#edeff0;\n}\n.responsive #top #wrap_all .flex_cell.av-av_cell_one_third-f0faa5c94183208a777ee380666e2711{\npadding:30px 30px 30px 30px !important;\n}\n<\/style>\n<div class='flex_cell av-av_cell_one_third-f0faa5c94183208a777ee380666e2711 av-gridrow-cell av_one_third no_margin  avia-builder-el-9  el_after_av_cell_one_third  el_before_av_cell_one_third  content-align-top'  ><div class='flex_cell_inner'><section  class='av_textblock_section av-av_textblock-283972ea15f2e73870c23e2d6de3245d '   itemscope=\"itemscope\" itemtype=\"https:\/\/schema.org\/CreativeWork\" ><div class='avia_textblock'  itemprop=\"text\" ><p>Peter der Gro\u00dfe wohnte sieben Tage lang im Haus des Schmieds Gerrit Kist in Zaandam, wo er den Beruf des Schiffszimmermanns erlernte. Anschlie\u00dfend ging der Zar auf die Werften der Vereinigten Ostindischen Kompanie in Amsterdam. Durch diese kurze Visite erlangte das schlichte Holzhaus weltweite Ber\u00fchmtheit.<\/p>\n<p>Russische Zaren, Pr\u00e4sidenten, niederl\u00e4ndische Adlige und sogar Napoleon und Kaiserin Sissi waren schon hier, um das Zar-Peter-Haus zu besuchen. Die unz\u00e4hligen Namen, die in die Fenster und Holzw\u00e4nde geritzt sind, erinnern noch heute daran.<\/p>\n<\/div><\/section>\n<\/div><\/div>\n<style type=\"text\/css\" data-created_by=\"avia_inline_auto\" id=\"style-css-av-av_cell_one_third-f57c70f9f5a63fd800eb5b955b847c2a\">\n.flex_cell.av-av_cell_one_third-f57c70f9f5a63fd800eb5b955b847c2a{\nvertical-align:top;\n}\n.responsive #top #wrap_all .flex_cell.av-av_cell_one_third-f57c70f9f5a63fd800eb5b955b847c2a{\npadding:30px 30px 30px 30px !important;\n}\n<\/style>\n<div class='flex_cell av-av_cell_one_third-f57c70f9f5a63fd800eb5b955b847c2a av-gridrow-cell av_one_third no_margin  avia-builder-el-11  el_after_av_cell_one_third  avia-builder-el-last  content-align-top'  ><div class='flex_cell_inner'><section  class='av_textblock_section av-av_textblock-283972ea15f2e73870c23e2d6de3245d '   itemscope=\"itemscope\" itemtype=\"https:\/\/schema.org\/CreativeWork\" ><div class='avia_textblock'  itemprop=\"text\" ><p>Das Zar-Peter-Haus enth\u00e4lt einen Schatz an Erinnerungen, darunter eine Totenmaske des Zaren, eine B\u00fcste von Anna Paulowna sowie Portr\u00e4ts von Zar Peter und Katharina I.<\/p>\n<p>Russische Zaren und niederl\u00e4ndische Herrscher erkannten den unsch\u00e4tzbaren Wert des Zar-Peter-Hauses und lie\u00dfen es im 19. Jahrhundert abst\u00fctzten, mit einem Fundament versehen und \u00fcberbauen, um das alte Holzhaus zu sch\u00fctzen. Sowohl das Haus als auch die angebaute Steinfassade wurden mittlerweile zu Baudenkm\u00e4lern erkl\u00e4rt. Damit besitzt Zaandam an einem Ort zwei kleine, aber historisch bedeutende Baudenkm\u00e4ler.<\/p>\n<\/div><\/section>\n<\/div><\/div>\n<\/div>\n\n<style type=\"text\/css\" data-created_by=\"avia_inline_auto\" id=\"style-css-av-av_section-b3c05016437ff177ad47c95b44772bf7\">\n.avia-section.av-av_section-b3c05016437ff177ad47c95b44772bf7{\nbackground-repeat:no-repeat;\nbackground-image:url(https:\/\/zaansmuseum.nl\/wp-content\/uploads\/2016\/01\/Czaar-Peterhuisje-e1532514396526-1030x687.jpg);\nbackground-position:50% 50%;\nbackground-attachment:scroll;\n}\n<\/style>\n<div id='av_section_2'  class='avia-section av-av_section-b3c05016437ff177ad47c95b44772bf7 main_color avia-section-default avia-no-shadow  avia-builder-el-13  el_after_av_layout_row  el_before_av_layout_row  avia-full-stretch avia-bg-style-scroll av-minimum-height av-minimum-height-75 av-height-75  av-section-with-video-bg container_wrap fullsize'  data-section-bg-repeat='stretch' data-av_minimum_height_pc='75' data-av_min_height_opt='75' data-section-video-ratio='16:9'><div  class='avia-slideshow av_slideshow_obj-1-6a058a06b4527 avia-slideshow-featured av_slideshow avia-slide-slider av-slideshow-ui av-control-default av-slideshow-manual av-loop-once av-loop-manual-endless av-default-height-applied  av-section-video-bg avia-slideshow-1' data-slideshow-options=\"{&quot;animation&quot;:&quot;slide&quot;,&quot;autoplay&quot;:false,&quot;loop_autoplay&quot;:&quot;once&quot;,&quot;interval&quot;:5,&quot;loop_manual&quot;:&quot;manual-endless&quot;,&quot;autoplay_stopper&quot;:false,&quot;noNavigation&quot;:false,&quot;bg_slider&quot;:false,&quot;keep_padding&quot;:false,&quot;hoverpause&quot;:false,&quot;show_slide_delay&quot;:0}\"  itemprop=\"image\" itemscope=\"itemscope\" itemtype=\"https:\/\/schema.org\/ImageObject\" ><ul class='avia-slideshow-inner ' style='padding-bottom: 28.666666666667%;'><li  data-controls='disabled' data-mute='aviaTBaviaTBvideo_mute' data-loop='1' data-disable-autoplay=''  data-video-ratio='1.7777777777778' class='avia-slideshow-slide av_slideshow_obj-1-6a058a06b4527__0  av-video-slide  av-video-service-youtube  av-hide-video-controls av-mute-video av-loop-video  av-single-slide slide-1 slide-odd'><div data-rel='slideshow-1' class='avia-slide-wrap '   ><div class='av-click-overlay'><\/div><div class='mejs-mediaelement'  itemprop=\"video\" itemtype=\"https:\/\/schema.org\/VideoObject\" ><div height='1600' width='900' class='av_youtube_frame' id='player_46277_462718078_1956193951'  data-autoplay='0'  data-videoid='5G9kop6iIpE'  data-hd='1'  data-rel='0'  data-wmode='opaque'  data-loop='0'  data-version='3'  data-autohide='1'  data-color='white'  data-controls='0'  data-iv_load_policy='3'  data-original_url='https:\/\/youtu.be\/5G9kop6iIpE' ><\/div><\/div><div class=\"av-click-to-play-overlay\"><div class=\"avia_playpause_icon\"><\/div><\/div><\/div><\/li><\/ul><\/div><div class='container av-section-cont-open' ><div class='template-page content  av-content-full alpha units'><div class='post-entry post-entry-type-page post-entry-46277'><div class='entry-content-wrapper clearfix'>\n\n<style type=\"text\/css\" data-created_by=\"avia_inline_auto\" id=\"style-css-av-av_hr-b7909a556cc4d7c56464cc493520d98c\">\n#top .hr.hr-invisible.av-av_hr-b7909a556cc4d7c56464cc493520d98c{\nheight:300px;\n}\n<\/style>\n<div  class='hr av-av_hr-b7909a556cc4d7c56464cc493520d98c hr-invisible  avia-builder-el-14  el_before_av_textblock  avia-builder-el-first '><span class='hr-inner '><span class=\"hr-inner-style\"><\/span><\/span><\/div>\n\n<style type=\"text\/css\" data-created_by=\"avia_inline_auto\" id=\"style-css-av-av_textblock-a5dfef86801b8605790ae74ce3daf0f5\">\n#top .av_textblock_section.av-av_textblock-a5dfef86801b8605790ae74ce3daf0f5 .avia_textblock{\ncolor:#ffffff;\n}\n<\/style>\n<section  class='av_textblock_section av-av_textblock-a5dfef86801b8605790ae74ce3daf0f5 '   itemscope=\"itemscope\" itemtype=\"https:\/\/schema.org\/CreativeWork\" ><div class='avia_textblock av_inherit_color'  itemprop=\"text\" ><p style=\"text-align: right;\"><a href=\"https:\/\/www.youtube.com\/watch?v=5G9kop6iIpE\" rel=\"noopener\">Schau dir hier das Video mit Ton an<\/a><\/p>\n<\/div><\/section>\n\n<\/div><\/div><\/div><!-- close content main div --><\/div><\/div><div id='av-layout-grid-3'  class='av-layout-grid-container av-av_layout_row-42fd8630215aff1cfd8b45bb424676b3 entry-content-wrapper main_color av-flex-cells  avia-builder-el-16  el_after_av_section  avia-builder-el-last  grid-row-not-first  container_wrap fullsize'  >\n\n<style type=\"text\/css\" data-created_by=\"avia_inline_auto\" id=\"style-css-av-av_cell_one_full-9afe72e6a6eb6a4a94dc6304faadb634\">\n.flex_cell.av-av_cell_one_full-9afe72e6a6eb6a4a94dc6304faadb634{\nvertical-align:top;\nbackground-color:#d3755b;\n}\n.responsive #top #wrap_all .flex_cell.av-av_cell_one_full-9afe72e6a6eb6a4a94dc6304faadb634{\npadding:30px 30px 30px 30px !important;\n}\n<\/style>\n<div class='flex_cell av-av_cell_one_full-9afe72e6a6eb6a4a94dc6304faadb634 av-gridrow-cell av_one_full no_margin  avia-builder-el-17  avia-builder-el-no-sibling  content-align-top'  ><div class='flex_cell_inner'><\/div><\/div>\n<\/div>\n","protected":false},"excerpt":{"rendered":"","protected":false},"author":7,"featured_media":0,"parent":9857,"menu_order":0,"comment_status":"closed","ping_status":"closed","template":"","meta":{"_acf_changed":false,"footnotes":""},"class_list":["post-46277","page","type-page","status-publish","hentry"],"acf":[],"yoast_head":"<!-- This site is optimized with the Yoast SEO plugin v27.4 - https:\/\/yoast.com\/product\/yoast-seo-wordpress\/ -->\n<title>Sehen &amp; Erleben (Zar-Peter-Haus) - Zaans Museum<\/title>\n<meta name=\"robots\" content=\"index, follow, max-snippet:-1, max-image-preview:large, max-video-preview:-1\" \/>\n<link rel=\"canonical\" href=\"https:\/\/zaansmuseum.nl\/de\/zar-peter-haus\/zar-peter-haus-sehen-erleben\/\" \/>\n<meta property=\"og:locale\" content=\"de_DE\" \/>\n<meta property=\"og:type\" content=\"article\" \/>\n<meta property=\"og:title\" content=\"Sehen &amp; Erleben (Zar-Peter-Haus) - Zaans Museum\" \/>\n<meta property=\"og:url\" content=\"https:\/\/zaansmuseum.nl\/de\/zar-peter-haus\/zar-peter-haus-sehen-erleben\/\" \/>\n<meta property=\"og:site_name\" content=\"Zaans Museum\" \/>\n<meta property=\"article:publisher\" content=\"https:\/\/www.facebook.com\/zaansmuseum\" \/>\n<meta property=\"article:modified_time\" content=\"2022-01-11T15:41:18+00:00\" \/>\n<meta property=\"og:image\" content=\"https:\/\/zaansmuseum.nl\/wp-content\/uploads\/2017\/04\/Zaans-Museum-foto-Pascal-Fielmich-2-1030x687.jpg\" \/>\n\t<meta property=\"og:image:width\" content=\"1030\" \/>\n\t<meta property=\"og:image:height\" content=\"687\" \/>\n\t<meta property=\"og:image:type\" content=\"image\/jpeg\" \/>\n<meta name=\"twitter:card\" content=\"summary_large_image\" \/>\n<meta name=\"twitter:site\" content=\"@ZaansMuseum\" \/>\n<meta name=\"twitter:label1\" content=\"Gesch\u00e4tzte Lesezeit\" \/>\n\t<meta name=\"twitter:data1\" content=\"5\u00a0Minuten\" \/>\n<script type=\"application\/ld+json\" class=\"yoast-schema-graph\">{\"@context\":\"https:\\\/\\\/schema.org\",\"@graph\":[{\"@type\":\"WebPage\",\"@id\":\"https:\\\/\\\/zaansmuseum.nl\\\/de\\\/zar-peter-haus\\\/zar-peter-haus-sehen-erleben\\\/\",\"url\":\"https:\\\/\\\/zaansmuseum.nl\\\/de\\\/zar-peter-haus\\\/zar-peter-haus-sehen-erleben\\\/\",\"name\":\"Sehen & Erleben (Zar-Peter-Haus) - Zaans Museum\",\"isPartOf\":{\"@id\":\"https:\\\/\\\/zaansmuseum.nl\\\/fr\\\/#website\"},\"datePublished\":\"2022-01-11T15:35:54+00:00\",\"dateModified\":\"2022-01-11T15:41:18+00:00\",\"breadcrumb\":{\"@id\":\"https:\\\/\\\/zaansmuseum.nl\\\/de\\\/zar-peter-haus\\\/zar-peter-haus-sehen-erleben\\\/#breadcrumb\"},\"inLanguage\":\"de\",\"potentialAction\":[{\"@type\":\"ReadAction\",\"target\":[\"https:\\\/\\\/zaansmuseum.nl\\\/de\\\/zar-peter-haus\\\/zar-peter-haus-sehen-erleben\\\/\"]}]},{\"@type\":\"BreadcrumbList\",\"@id\":\"https:\\\/\\\/zaansmuseum.nl\\\/de\\\/zar-peter-haus\\\/zar-peter-haus-sehen-erleben\\\/#breadcrumb\",\"itemListElement\":[{\"@type\":\"ListItem\",\"position\":1,\"name\":\"Home\",\"item\":\"https:\\\/\\\/zaansmuseum.nl\\\/de\\\/infos-tickets\\\/\"},{\"@type\":\"ListItem\",\"position\":2,\"name\":\"Planen Sie Ihren Besuch (Zar-Peter-Haus)\",\"item\":\"https:\\\/\\\/zaansmuseum.nl\\\/de\\\/zar-peter-haus\\\/\"},{\"@type\":\"ListItem\",\"position\":3,\"name\":\"Sehen &#038; Erleben (Zar-Peter-Haus)\"}]},{\"@type\":\"WebSite\",\"@id\":\"https:\\\/\\\/zaansmuseum.nl\\\/fr\\\/#website\",\"url\":\"https:\\\/\\\/zaansmuseum.nl\\\/fr\\\/\",\"name\":\"Zaans Museum\",\"description\":\"\",\"publisher\":{\"@id\":\"https:\\\/\\\/zaansmuseum.nl\\\/fr\\\/#organization\"},\"potentialAction\":[{\"@type\":\"SearchAction\",\"target\":{\"@type\":\"EntryPoint\",\"urlTemplate\":\"https:\\\/\\\/zaansmuseum.nl\\\/fr\\\/?s={search_term_string}\"},\"query-input\":{\"@type\":\"PropertyValueSpecification\",\"valueRequired\":true,\"valueName\":\"search_term_string\"}}],\"inLanguage\":\"de\"},{\"@type\":\"Organization\",\"@id\":\"https:\\\/\\\/zaansmuseum.nl\\\/fr\\\/#organization\",\"name\":\"Zaans Museum\",\"url\":\"https:\\\/\\\/zaansmuseum.nl\\\/fr\\\/\",\"logo\":{\"@type\":\"ImageObject\",\"inLanguage\":\"de\",\"@id\":\"https:\\\/\\\/zaansmuseum.nl\\\/fr\\\/#\\\/schema\\\/logo\\\/image\\\/\",\"url\":\"https:\\\/\\\/zaansmuseum.nl\\\/wp-content\\\/uploads\\\/2016\\\/12\\\/Zaans-Museum-Logo-Transparant.png\",\"contentUrl\":\"https:\\\/\\\/zaansmuseum.nl\\\/wp-content\\\/uploads\\\/2016\\\/12\\\/Zaans-Museum-Logo-Transparant.png\",\"width\":300,\"height\":62,\"caption\":\"Zaans Museum\"},\"image\":{\"@id\":\"https:\\\/\\\/zaansmuseum.nl\\\/fr\\\/#\\\/schema\\\/logo\\\/image\\\/\"},\"sameAs\":[\"https:\\\/\\\/www.facebook.com\\\/zaansmuseum\",\"https:\\\/\\\/x.com\\\/ZaansMuseum\",\"http:\\\/\\\/www.pictaram.com\\\/user\\\/zaansmuseum\\\/2140108873\",\"http:\\\/\\\/www.pinterest.com\\\/zaansmuseum\\\/\",\"http:\\\/\\\/www.youtube.com\\\/user\\\/ZaansMuseum\"]}]}<\/script>\n<!-- \/ Yoast SEO plugin. -->","yoast_head_json":{"title":"Sehen & Erleben (Zar-Peter-Haus) - Zaans Museum","robots":{"index":"index","follow":"follow","max-snippet":"max-snippet:-1","max-image-preview":"max-image-preview:large","max-video-preview":"max-video-preview:-1"},"canonical":"https:\/\/zaansmuseum.nl\/de\/zar-peter-haus\/zar-peter-haus-sehen-erleben\/","og_locale":"de_DE","og_type":"article","og_title":"Sehen & Erleben (Zar-Peter-Haus) - Zaans Museum","og_url":"https:\/\/zaansmuseum.nl\/de\/zar-peter-haus\/zar-peter-haus-sehen-erleben\/","og_site_name":"Zaans Museum","article_publisher":"https:\/\/www.facebook.com\/zaansmuseum","article_modified_time":"2022-01-11T15:41:18+00:00","og_image":[{"width":1030,"height":687,"url":"https:\/\/zaansmuseum.nl\/wp-content\/uploads\/2017\/04\/Zaans-Museum-foto-Pascal-Fielmich-2-1030x687.jpg","type":"image\/jpeg"}],"twitter_card":"summary_large_image","twitter_site":"@ZaansMuseum","twitter_misc":{"Gesch\u00e4tzte Lesezeit":"5\u00a0Minuten"},"schema":{"@context":"https:\/\/schema.org","@graph":[{"@type":"WebPage","@id":"https:\/\/zaansmuseum.nl\/de\/zar-peter-haus\/zar-peter-haus-sehen-erleben\/","url":"https:\/\/zaansmuseum.nl\/de\/zar-peter-haus\/zar-peter-haus-sehen-erleben\/","name":"Sehen & Erleben (Zar-Peter-Haus) - Zaans Museum","isPartOf":{"@id":"https:\/\/zaansmuseum.nl\/fr\/#website"},"datePublished":"2022-01-11T15:35:54+00:00","dateModified":"2022-01-11T15:41:18+00:00","breadcrumb":{"@id":"https:\/\/zaansmuseum.nl\/de\/zar-peter-haus\/zar-peter-haus-sehen-erleben\/#breadcrumb"},"inLanguage":"de","potentialAction":[{"@type":"ReadAction","target":["https:\/\/zaansmuseum.nl\/de\/zar-peter-haus\/zar-peter-haus-sehen-erleben\/"]}]},{"@type":"BreadcrumbList","@id":"https:\/\/zaansmuseum.nl\/de\/zar-peter-haus\/zar-peter-haus-sehen-erleben\/#breadcrumb","itemListElement":[{"@type":"ListItem","position":1,"name":"Home","item":"https:\/\/zaansmuseum.nl\/de\/infos-tickets\/"},{"@type":"ListItem","position":2,"name":"Planen Sie Ihren Besuch (Zar-Peter-Haus)","item":"https:\/\/zaansmuseum.nl\/de\/zar-peter-haus\/"},{"@type":"ListItem","position":3,"name":"Sehen &#038; Erleben (Zar-Peter-Haus)"}]},{"@type":"WebSite","@id":"https:\/\/zaansmuseum.nl\/fr\/#website","url":"https:\/\/zaansmuseum.nl\/fr\/","name":"Zaans Museum","description":"","publisher":{"@id":"https:\/\/zaansmuseum.nl\/fr\/#organization"},"potentialAction":[{"@type":"SearchAction","target":{"@type":"EntryPoint","urlTemplate":"https:\/\/zaansmuseum.nl\/fr\/?s={search_term_string}"},"query-input":{"@type":"PropertyValueSpecification","valueRequired":true,"valueName":"search_term_string"}}],"inLanguage":"de"},{"@type":"Organization","@id":"https:\/\/zaansmuseum.nl\/fr\/#organization","name":"Zaans Museum","url":"https:\/\/zaansmuseum.nl\/fr\/","logo":{"@type":"ImageObject","inLanguage":"de","@id":"https:\/\/zaansmuseum.nl\/fr\/#\/schema\/logo\/image\/","url":"https:\/\/zaansmuseum.nl\/wp-content\/uploads\/2016\/12\/Zaans-Museum-Logo-Transparant.png","contentUrl":"https:\/\/zaansmuseum.nl\/wp-content\/uploads\/2016\/12\/Zaans-Museum-Logo-Transparant.png","width":300,"height":62,"caption":"Zaans Museum"},"image":{"@id":"https:\/\/zaansmuseum.nl\/fr\/#\/schema\/logo\/image\/"},"sameAs":["https:\/\/www.facebook.com\/zaansmuseum","https:\/\/x.com\/ZaansMuseum","http:\/\/www.pictaram.com\/user\/zaansmuseum\/2140108873","http:\/\/www.pinterest.com\/zaansmuseum\/","http:\/\/www.youtube.com\/user\/ZaansMuseum"]}]}},"_links":{"self":[{"href":"https:\/\/zaansmuseum.nl\/de\/wp-json\/wp\/v2\/pages\/46277","targetHints":{"allow":["GET"]}}],"collection":[{"href":"https:\/\/zaansmuseum.nl\/de\/wp-json\/wp\/v2\/pages"}],"about":[{"href":"https:\/\/zaansmuseum.nl\/de\/wp-json\/wp\/v2\/types\/page"}],"author":[{"embeddable":true,"href":"https:\/\/zaansmuseum.nl\/de\/wp-json\/wp\/v2\/users\/7"}],"replies":[{"embeddable":true,"href":"https:\/\/zaansmuseum.nl\/de\/wp-json\/wp\/v2\/comments?post=46277"}],"version-history":[{"count":0,"href":"https:\/\/zaansmuseum.nl\/de\/wp-json\/wp\/v2\/pages\/46277\/revisions"}],"up":[{"embeddable":true,"href":"https:\/\/zaansmuseum.nl\/de\/wp-json\/wp\/v2\/pages\/9857"}],"wp:attachment":[{"href":"https:\/\/zaansmuseum.nl\/de\/wp-json\/wp\/v2\/media?parent=46277"}],"curies":[{"name":"wp","href":"https:\/\/api.w.org\/{rel}","templated":true}]}}