{"id":7112,"date":"2016-07-01T15:14:08","date_gmt":"2016-07-01T13:14:08","guid":{"rendered":"https:\/\/zaansmuseum.nl\/%d0%bc%d1%83%d0%b7%d0%b5%d0%b9%d0%bd%d0%be%d0%b5-%d0%ba%d0%b0%d1%84%d0%b5-%d0%bb%d0%b0%d0%b2%d0%ba%d0%b0\/"},"modified":"2022-11-08T09:41:10","modified_gmt":"2022-11-08T08:41:10","slug":"tienda","status":"publish","type":"page","link":"https:\/\/zaansmuseum.nl\/es\/tienda\/","title":{"rendered":"Tienda"},"content":{"rendered":"\n<style type=\"text\/css\" data-created_by=\"avia_inline_auto\" id=\"style-css-av-av_section-3a0df0a62a003b2024b2ddf8cc9097fd\">\n.avia-section.av-av_section-3a0df0a62a003b2024b2ddf8cc9097fd .av-parallax .av-parallax-inner{\nbackground-repeat:no-repeat;\nbackground-image:url(https:\/\/zaansmuseum.nl\/wp-content\/uploads\/2021\/03\/Zaanse-huisjes-enz-1500x630.png);\nbackground-position:50% 50%;\nbackground-attachment:scroll;\n}\n<\/style>\n<div id='av_section_1'  class='avia-section av-av_section-3a0df0a62a003b2024b2ddf8cc9097fd main_color avia-section-default avia-no-shadow  avia-builder-el-0  el_before_av_layout_row  avia-builder-el-first  avia-full-stretch av-parallax-section avia-bg-style-parallax av-minimum-height av-minimum-height-50 av-height-50  container_wrap fullsize'  data-section-bg-repeat='stretch' data-av_minimum_height_pc='50' data-av_min_height_opt='50'><div class='av-parallax' data-avia-parallax-ratio='0.3' ><div class='av-parallax-inner main_color avia-full-stretch'><\/div><\/div><div class='container av-section-cont-open' ><main  role=\"main\" itemprop=\"mainContentOfPage\"  class='template-page content  av-content-full alpha units'><div class='post-entry post-entry-type-page post-entry-7112'><div class='entry-content-wrapper clearfix'>\n<\/div><\/div><\/main><!-- close content main element --><\/div><\/div><div id='av-layout-grid-1'  class='av-layout-grid-container av-av_layout_row-42fd8630215aff1cfd8b45bb424676b3 entry-content-wrapper main_color av-flex-cells  avia-builder-el-1  el_after_av_section  el_before_av_layout_row  grid-row-not-first  container_wrap fullsize'  >\n\n<style type=\"text\/css\" data-created_by=\"avia_inline_auto\" id=\"style-css-av-av_cell_one_full-86f4fcc41d7a11501f82906ad27c7f90\">\n.flex_cell.av-av_cell_one_full-86f4fcc41d7a11501f82906ad27c7f90{\nvertical-align:top;\nbackground-color:#32a3ea;\n}\n.responsive #top #wrap_all .flex_cell.av-av_cell_one_full-86f4fcc41d7a11501f82906ad27c7f90{\npadding:30px 30px 30px 30px !important;\n}\n<\/style>\n<div class='flex_cell av-av_cell_one_full-86f4fcc41d7a11501f82906ad27c7f90 av-gridrow-cell av_one_full no_margin  avia-builder-el-2  avia-builder-el-no-sibling  content-align-top'  ><div class='flex_cell_inner'>\n<style type=\"text\/css\" data-created_by=\"avia_inline_auto\" id=\"style-css-av-av_heading-9d45a734a6e5e8a151a9e0a5814c69c9\">\n#top .av-special-heading.av-av_heading-9d45a734a6e5e8a151a9e0a5814c69c9{\npadding-bottom:10px;\ncolor:#ffffff;\n}\nbody .av-special-heading.av-av_heading-9d45a734a6e5e8a151a9e0a5814c69c9 .av-special-heading-tag .heading-char{\nfont-size:25px;\n}\n.av-special-heading.av-av_heading-9d45a734a6e5e8a151a9e0a5814c69c9 .special-heading-inner-border{\nborder-color:#ffffff;\n}\n.av-special-heading.av-av_heading-9d45a734a6e5e8a151a9e0a5814c69c9 .av-subheading{\nfont-size:15px;\n}\n<\/style>\n<div  class='av-special-heading av-av_heading-9d45a734a6e5e8a151a9e0a5814c69c9 av-special-heading-h1 custom-color-heading blockquote modern-quote  avia-builder-el-3  avia-builder-el-no-sibling '><h1 class='av-special-heading-tag '  itemprop=\"headline\"  >MuseumShop<\/h1><div class=\"special-heading-border\"><div class=\"special-heading-inner-border\"><\/div><\/div><\/div>\n<\/div><\/div>\n<\/div>\n<div id='av-layout-grid-2'  class='av-layout-grid-container av-av_layout_row-caf1f26e08707a2ebe9176b630e736c2 entry-content-wrapper main_color av-flex-cells  avia-builder-el-4  el_after_av_layout_row  el_before_av_layout_row  grid-row-not-first  container_wrap fullsize'  >\n\n<style type=\"text\/css\" data-created_by=\"avia_inline_auto\" id=\"style-css-av-av_cell_one_third-61869954845ae836cec700ad8485a41e\">\n.flex_cell.av-av_cell_one_third-61869954845ae836cec700ad8485a41e{\nvertical-align:top;\nbackground-color:#ffffff;\n}\n.responsive #top #wrap_all .flex_cell.av-av_cell_one_third-61869954845ae836cec700ad8485a41e{\npadding:30px 30px 30px 30px !important;\n}\n<\/style>\n<div class='flex_cell av-av_cell_one_third-61869954845ae836cec700ad8485a41e av-gridrow-cell av_one_third no_margin  avia-builder-el-5  el_before_av_cell_one_third  avia-builder-el-first  content-align-top'  ><div class='flex_cell_inner'><p><section  class='av_textblock_section av-av_textblock-283972ea15f2e73870c23e2d6de3245d '   itemscope=\"itemscope\" itemtype=\"https:\/\/schema.org\/CreativeWork\" ><div class='avia_textblock'  itemprop=\"text\" ><p>La tienda del Zaans Museum ofrece una amplio surtido para todos los gustos. Para grandes y peque\u00f1os, t\u00edpicos de Holanda o del Zaan. Tambi\u00e9n somos el lugar indicado para comprar sets de regalo o regalos de empresa a medida (como una caja de galletas Verkade).<\/p>\n<p>En el Museo Zaans solo se puede pagar con tarjeta de d\u00e9bito o tarjeta de cr\u00e9dito.<\/p>\n<\/div><\/section><br \/>\n\n<style type=\"text\/css\" data-created_by=\"avia_inline_auto\" id=\"style-css-av-av_heading-ab6871f75d0ad9788eff5aadf7784ce2\">\n#top .av-special-heading.av-av_heading-ab6871f75d0ad9788eff5aadf7784ce2{\npadding-bottom:20px;\n}\nbody .av-special-heading.av-av_heading-ab6871f75d0ad9788eff5aadf7784ce2 .av-special-heading-tag .heading-char{\nfont-size:25px;\n}\n.av-special-heading.av-av_heading-ab6871f75d0ad9788eff5aadf7784ce2 .av-subheading{\nfont-size:15px;\n}\n<\/style>\n<div  class='av-special-heading av-av_heading-ab6871f75d0ad9788eff5aadf7784ce2 av-special-heading-h3 blockquote modern-quote  avia-builder-el-7  el_after_av_textblock  el_before_av_textblock '><h3 class='av-special-heading-tag '  itemprop=\"headline\"  >Dise\u00f1o<\/h3><div class=\"special-heading-border\"><div class=\"special-heading-inner-border\"><\/div><\/div><\/div><br \/>\n<section  class='av_textblock_section av-av_textblock-283972ea15f2e73870c23e2d6de3245d '   itemscope=\"itemscope\" itemtype=\"https:\/\/schema.org\/CreativeWork\" ><div class='avia_textblock'  itemprop=\"text\" ><p>En la tienda del museo encontrar\u00e1 bellos productos de dise\u00f1o, como pa\u00f1uelos, cer\u00e1mica y joyas. Creados especialmente a petici\u00f3n del Zaans Museum y con un toque holand\u00e9s o del Zaan.<\/p>\n<\/div><\/section><\/p>\n<\/div><\/div>\n<style type=\"text\/css\" data-created_by=\"avia_inline_auto\" id=\"style-css-av-av_cell_one_third-74581ea5593884c5cf4c3f82160a916e\">\n.flex_cell.av-av_cell_one_third-74581ea5593884c5cf4c3f82160a916e{\nvertical-align:top;\nbackground-color:#edeff0;\n}\n.responsive #top #wrap_all .flex_cell.av-av_cell_one_third-74581ea5593884c5cf4c3f82160a916e{\npadding:30px 30px 30px 30px !important;\n}\n<\/style>\n<div class='flex_cell av-av_cell_one_third-74581ea5593884c5cf4c3f82160a916e av-gridrow-cell av_one_third no_margin  avia-builder-el-9  el_after_av_cell_one_third  el_before_av_cell_one_third  content-align-top avia-full-stretch'  ><div class='flex_cell_inner'><p>\n<style type=\"text\/css\" data-created_by=\"avia_inline_auto\" id=\"style-css-av-av_heading-ee3cb10d9ac9e808e7f1fa1b0492e4ca\">\n#top .av-special-heading.av-av_heading-ee3cb10d9ac9e808e7f1fa1b0492e4ca{\npadding-bottom:20px;\n}\nbody .av-special-heading.av-av_heading-ee3cb10d9ac9e808e7f1fa1b0492e4ca .av-special-heading-tag .heading-char{\nfont-size:25px;\n}\n.av-special-heading.av-av_heading-ee3cb10d9ac9e808e7f1fa1b0492e4ca .av-subheading{\nfont-size:15px;\n}\n<\/style>\n<div  class='av-special-heading av-av_heading-ee3cb10d9ac9e808e7f1fa1b0492e4ca av-special-heading-h3 blockquote modern-quote  avia-builder-el-10  el_before_av_textblock  avia-builder-el-first '><h3 class='av-special-heading-tag '  itemprop=\"headline\"  >De propia firma<\/h3><div class=\"special-heading-border\"><div class=\"special-heading-inner-border\"><\/div><\/div><\/div><br \/>\n<section  class='av_textblock_section av-av_textblock-283972ea15f2e73870c23e2d6de3245d '   itemscope=\"itemscope\" itemtype=\"https:\/\/schema.org\/CreativeWork\" ><div class='avia_textblock'  itemprop=\"text\" ><p>Uno de los art\u00edculos m\u00e1s llamativos son los productos con im\u00e1genes de nuestras obras maestras, como \u2018Vista del Voorzaan\u2019 de Claude Monet. Tambi\u00e9n se pueden art\u00edculos modernos que reproducen la historia de productos t\u00edpicos del Zaan.<\/p>\n<\/div><\/section><br \/>\n\n<style type=\"text\/css\" data-created_by=\"avia_inline_auto\" id=\"style-css-av-av_heading-60c29ca4143c0c05b5fa37a9998c904d\">\n#top .av-special-heading.av-av_heading-60c29ca4143c0c05b5fa37a9998c904d{\npadding-bottom:20px;\n}\nbody .av-special-heading.av-av_heading-60c29ca4143c0c05b5fa37a9998c904d .av-special-heading-tag .heading-char{\nfont-size:25px;\n}\n.av-special-heading.av-av_heading-60c29ca4143c0c05b5fa37a9998c904d .av-subheading{\nfont-size:15px;\n}\n<\/style>\n<div  class='av-special-heading av-av_heading-60c29ca4143c0c05b5fa37a9998c904d av-special-heading-h3 blockquote modern-quote  avia-builder-el-12  el_after_av_textblock  el_before_av_textblock '><h3 class='av-special-heading-tag '  itemprop=\"headline\"  >Libros y tarjetas<\/h3><div class=\"special-heading-border\"><div class=\"special-heading-inner-border\"><\/div><\/div><\/div><br \/>\n<section  class='av_textblock_section av-av_textblock-283972ea15f2e73870c23e2d6de3245d '   itemscope=\"itemscope\" itemtype=\"https:\/\/schema.org\/CreativeWork\" ><div class='avia_textblock'  itemprop=\"text\" ><p>Tampoco pueden faltar, por supuesto, libros y tarjetas postales con temas holandeses. Un bello recuerdo de su visita, para volver a disfrutar cuando est\u00e9 de vuelta en su casa.<\/p>\n<\/div><\/section><\/p>\n<\/div><\/div>\n<style type=\"text\/css\" data-created_by=\"avia_inline_auto\" id=\"style-css-av-av_cell_one_third-f57c70f9f5a63fd800eb5b955b847c2a\">\n.flex_cell.av-av_cell_one_third-f57c70f9f5a63fd800eb5b955b847c2a{\nvertical-align:top;\n}\n.responsive #top #wrap_all .flex_cell.av-av_cell_one_third-f57c70f9f5a63fd800eb5b955b847c2a{\npadding:30px 30px 30px 30px !important;\n}\n<\/style>\n<div class='flex_cell av-av_cell_one_third-f57c70f9f5a63fd800eb5b955b847c2a av-gridrow-cell av_one_third no_margin  avia-builder-el-14  el_after_av_cell_one_third  avia-builder-el-last  content-align-top'  ><div class='flex_cell_inner'><p>\n<style type=\"text\/css\" data-created_by=\"avia_inline_auto\" id=\"style-css-av-av_heading-a68faf76dd9043c6f8d958dfc3d10246\">\n#top .av-special-heading.av-av_heading-a68faf76dd9043c6f8d958dfc3d10246{\npadding-bottom:10px;\n}\nbody .av-special-heading.av-av_heading-a68faf76dd9043c6f8d958dfc3d10246 .av-special-heading-tag .heading-char{\nfont-size:25px;\n}\n.av-special-heading.av-av_heading-a68faf76dd9043c6f8d958dfc3d10246 .av-subheading{\nfont-size:15px;\n}\n<\/style>\n<div  class='av-special-heading av-av_heading-a68faf76dd9043c6f8d958dfc3d10246 av-special-heading-h3 blockquote modern-quote  avia-builder-el-15  el_before_av_textblock  avia-builder-el-first '><h3 class='av-special-heading-tag '  itemprop=\"headline\"  >Tienda Wevershuis<\/h3><div class=\"special-heading-border\"><div class=\"special-heading-inner-border\"><\/div><\/div><\/div><br \/>\n<section  class='av_textblock_section av-av_textblock-283972ea15f2e73870c23e2d6de3245d '   itemscope=\"itemscope\" itemtype=\"https:\/\/schema.org\/CreativeWork\" ><div class='avia_textblock'  itemprop=\"text\" ><p>D\u00e9jese sorprender en la vivienda y tejedur\u00eda Wevershuis en el Zaanse Schans. El Zaans Museum tiene aqu\u00ed una acogedora tienda con bonitos pa\u00f1os de cocina, bolsos y productos modernos de cuerda y lona de velas. Desde diversos productos textiles hasta kits para bordar para ni\u00f1os: su regalo tendr\u00e1 un \u00e9xito garantizado.<\/p>\n<\/div><\/section><\/p>\n<\/div><\/div><\/div><div id='av-layout-grid-3'  class='av-layout-grid-container av-av_layout_row-42fd8630215aff1cfd8b45bb424676b3 entry-content-wrapper main_color av-flex-cells  avia-builder-el-17  el_after_av_layout_row  avia-builder-el-last  grid-row-not-first  container_wrap fullsize'  >\n\n<style type=\"text\/css\" data-created_by=\"avia_inline_auto\" id=\"style-css-av-av_cell_one_full-53f55472d21e9fb5b94367d812a69b68\">\n.flex_cell.av-av_cell_one_full-53f55472d21e9fb5b94367d812a69b68{\nvertical-align:top;\nbackground-color:#32a3ea;\n}\n.responsive #top #wrap_all .flex_cell.av-av_cell_one_full-53f55472d21e9fb5b94367d812a69b68{\npadding:30px 30px 30px 30px !important;\n}\n<\/style>\n<div class='flex_cell av-av_cell_one_full-53f55472d21e9fb5b94367d812a69b68 av-gridrow-cell av_one_full no_margin  avia-builder-el-18  avia-builder-el-no-sibling  verloopBlauwGroen content-align-top'  ><div class='flex_cell_inner'><p>\n<style type=\"text\/css\" data-created_by=\"avia_inline_auto\" id=\"style-css-av-av_heading-dcebb096755347e0663fa4d75d2c0755\">\n#top .av-special-heading.av-av_heading-dcebb096755347e0663fa4d75d2c0755{\npadding-bottom:10px;\ncolor:#ffffff;\n}\nbody .av-special-heading.av-av_heading-dcebb096755347e0663fa4d75d2c0755 .av-special-heading-tag .heading-char{\nfont-size:25px;\n}\n.av-special-heading.av-av_heading-dcebb096755347e0663fa4d75d2c0755 .special-heading-inner-border{\nborder-color:#ffffff;\n}\n.av-special-heading.av-av_heading-dcebb096755347e0663fa4d75d2c0755 .av-subheading{\nfont-size:15px;\n}\n<\/style>\n<div  class='av-special-heading av-av_heading-dcebb096755347e0663fa4d75d2c0755 av-special-heading-h2 custom-color-heading blockquote modern-quote modern-centered  avia-builder-el-19  el_before_av_button  avia-builder-el-first '><h2 class='av-special-heading-tag '  itemprop=\"headline\"  >Visita nuestra tienda en l\u00ednea <\/h2><div class=\"special-heading-border\"><div class=\"special-heading-inner-border\"><\/div><\/div><\/div><br \/>\n<div  class='avia-button-wrap av-av_button-546e7f65cde6d37755bf1e64ec5024e4-wrap avia-button-center  avia-builder-el-20  el_after_av_heading  avia-builder-el-last '>\n<style type=\"text\/css\" data-created_by=\"avia_inline_auto\" id=\"style-css-av-av_button-546e7f65cde6d37755bf1e64ec5024e4\">\n#top #wrap_all .avia-button.av-av_button-546e7f65cde6d37755bf1e64ec5024e4{\nbackground-color:#ffffff;\nborder-color:#ffffff;\ncolor:#32a3ea;\ntransition:all 0.4s ease-in-out;\n}\n#top #wrap_all .avia-button.av-av_button-546e7f65cde6d37755bf1e64ec5024e4 .avia-svg-icon svg:first-child{\nfill:#32a3ea;\nstroke:#32a3ea;\n}\n<\/style>\n<a href='\/museumshop\/'  class='avia-button av-av_button-546e7f65cde6d37755bf1e64ec5024e4 av-link-btn avia-icon_select-no avia-size-medium avia-position-center'   aria-label=\"online shop\"><span class='avia_iconbox_title' >online shop<\/span><\/a><\/div><\/p>\n<\/div><\/div>\n<\/div><\/p>\n","protected":false},"excerpt":{"rendered":"","protected":false},"author":7,"featured_media":0,"parent":0,"menu_order":0,"comment_status":"closed","ping_status":"closed","template":"","meta":{"_acf_changed":false,"footnotes":""},"class_list":["post-7112","page","type-page","status-publish","hentry"],"acf":[],"yoast_head":"<!-- This site is optimized with the Yoast SEO plugin v27.4 - https:\/\/yoast.com\/product\/yoast-seo-wordpress\/ -->\n<title>Tienda - Zaans Museum<\/title>\n<meta name=\"description\" content=\"Disfrute de un caf\u00e9 acompa\u00f1ado de una pasta fresca o de un delicioso almuerzo con vistas a los molinos y al p\u00f3lder holand\u00e9s. \u00a1O compre a gusto en nuestra MuseumShop!\" \/>\n<meta name=\"robots\" content=\"index, follow, max-snippet:-1, max-image-preview:large, max-video-preview:-1\" \/>\n<link rel=\"canonical\" href=\"https:\/\/zaansmuseum.nl\/es\/tienda\/\" \/>\n<meta property=\"og:locale\" content=\"es_ES\" \/>\n<meta property=\"og:type\" content=\"article\" \/>\n<meta property=\"og:title\" content=\"Tienda - Zaans Museum\" \/>\n<meta property=\"og:description\" content=\"Disfrute de un caf\u00e9 acompa\u00f1ado de una pasta fresca o de un delicioso almuerzo con vistas a los molinos y al p\u00f3lder holand\u00e9s. \u00a1O compre a gusto en nuestra MuseumShop!\" \/>\n<meta property=\"og:url\" content=\"https:\/\/zaansmuseum.nl\/es\/tienda\/\" \/>\n<meta property=\"og:site_name\" content=\"Zaans Museum\" \/>\n<meta property=\"article:publisher\" content=\"https:\/\/www.facebook.com\/zaansmuseum\" \/>\n<meta property=\"article:modified_time\" content=\"2022-11-08T08:41:10+00:00\" \/>\n<meta property=\"og:image\" content=\"https:\/\/zaansmuseum.nl\/wp-content\/uploads\/2017\/04\/Zaans-Museum-foto-Pascal-Fielmich-2-1030x687.jpg\" \/>\n\t<meta property=\"og:image:width\" content=\"1030\" \/>\n\t<meta property=\"og:image:height\" content=\"687\" \/>\n\t<meta property=\"og:image:type\" content=\"image\/jpeg\" \/>\n<meta name=\"twitter:card\" content=\"summary_large_image\" \/>\n<meta name=\"twitter:site\" content=\"@ZaansMuseum\" \/>\n<meta name=\"twitter:label1\" content=\"Tiempo de lectura\" \/>\n\t<meta name=\"twitter:data1\" content=\"5 minutos\" \/>\n<script type=\"application\/ld+json\" class=\"yoast-schema-graph\">{\"@context\":\"https:\\\/\\\/schema.org\",\"@graph\":[{\"@type\":\"WebPage\",\"@id\":\"https:\\\/\\\/zaansmuseum.nl\\\/es\\\/tienda\\\/\",\"url\":\"https:\\\/\\\/zaansmuseum.nl\\\/es\\\/tienda\\\/\",\"name\":\"Tienda - Zaans Museum\",\"isPartOf\":{\"@id\":\"https:\\\/\\\/zaansmuseum.nl\\\/fr\\\/#website\"},\"datePublished\":\"2016-07-01T13:14:08+00:00\",\"dateModified\":\"2022-11-08T08:41:10+00:00\",\"description\":\"Disfrute de un caf\u00e9 acompa\u00f1ado de una pasta fresca o de un delicioso almuerzo con vistas a los molinos y al p\u00f3lder holand\u00e9s. \u00a1O compre a gusto en nuestra MuseumShop!\",\"breadcrumb\":{\"@id\":\"https:\\\/\\\/zaansmuseum.nl\\\/es\\\/tienda\\\/#breadcrumb\"},\"inLanguage\":\"es\",\"potentialAction\":[{\"@type\":\"ReadAction\",\"target\":[\"https:\\\/\\\/zaansmuseum.nl\\\/es\\\/tienda\\\/\"]}]},{\"@type\":\"BreadcrumbList\",\"@id\":\"https:\\\/\\\/zaansmuseum.nl\\\/es\\\/tienda\\\/#breadcrumb\",\"itemListElement\":[{\"@type\":\"ListItem\",\"position\":1,\"name\":\"Home\",\"item\":\"https:\\\/\\\/zaansmuseum.nl\\\/es\\\/informacion-entradas\\\/\"},{\"@type\":\"ListItem\",\"position\":2,\"name\":\"Tienda\"}]},{\"@type\":\"WebSite\",\"@id\":\"https:\\\/\\\/zaansmuseum.nl\\\/fr\\\/#website\",\"url\":\"https:\\\/\\\/zaansmuseum.nl\\\/fr\\\/\",\"name\":\"Zaans Museum\",\"description\":\"\",\"publisher\":{\"@id\":\"https:\\\/\\\/zaansmuseum.nl\\\/fr\\\/#organization\"},\"potentialAction\":[{\"@type\":\"SearchAction\",\"target\":{\"@type\":\"EntryPoint\",\"urlTemplate\":\"https:\\\/\\\/zaansmuseum.nl\\\/fr\\\/?s={search_term_string}\"},\"query-input\":{\"@type\":\"PropertyValueSpecification\",\"valueRequired\":true,\"valueName\":\"search_term_string\"}}],\"inLanguage\":\"es\"},{\"@type\":\"Organization\",\"@id\":\"https:\\\/\\\/zaansmuseum.nl\\\/fr\\\/#organization\",\"name\":\"Zaans Museum\",\"url\":\"https:\\\/\\\/zaansmuseum.nl\\\/fr\\\/\",\"logo\":{\"@type\":\"ImageObject\",\"inLanguage\":\"es\",\"@id\":\"https:\\\/\\\/zaansmuseum.nl\\\/fr\\\/#\\\/schema\\\/logo\\\/image\\\/\",\"url\":\"https:\\\/\\\/zaansmuseum.nl\\\/wp-content\\\/uploads\\\/2016\\\/12\\\/Zaans-Museum-Logo-Transparant.png\",\"contentUrl\":\"https:\\\/\\\/zaansmuseum.nl\\\/wp-content\\\/uploads\\\/2016\\\/12\\\/Zaans-Museum-Logo-Transparant.png\",\"width\":300,\"height\":62,\"caption\":\"Zaans Museum\"},\"image\":{\"@id\":\"https:\\\/\\\/zaansmuseum.nl\\\/fr\\\/#\\\/schema\\\/logo\\\/image\\\/\"},\"sameAs\":[\"https:\\\/\\\/www.facebook.com\\\/zaansmuseum\",\"https:\\\/\\\/x.com\\\/ZaansMuseum\",\"http:\\\/\\\/www.pictaram.com\\\/user\\\/zaansmuseum\\\/2140108873\",\"http:\\\/\\\/www.pinterest.com\\\/zaansmuseum\\\/\",\"http:\\\/\\\/www.youtube.com\\\/user\\\/ZaansMuseum\"]}]}<\/script>\n<!-- \/ Yoast SEO plugin. -->","yoast_head_json":{"title":"Tienda - Zaans Museum","description":"Disfrute de un caf\u00e9 acompa\u00f1ado de una pasta fresca o de un delicioso almuerzo con vistas a los molinos y al p\u00f3lder holand\u00e9s. \u00a1O compre a gusto en nuestra MuseumShop!","robots":{"index":"index","follow":"follow","max-snippet":"max-snippet:-1","max-image-preview":"max-image-preview:large","max-video-preview":"max-video-preview:-1"},"canonical":"https:\/\/zaansmuseum.nl\/es\/tienda\/","og_locale":"es_ES","og_type":"article","og_title":"Tienda - Zaans Museum","og_description":"Disfrute de un caf\u00e9 acompa\u00f1ado de una pasta fresca o de un delicioso almuerzo con vistas a los molinos y al p\u00f3lder holand\u00e9s. \u00a1O compre a gusto en nuestra MuseumShop!","og_url":"https:\/\/zaansmuseum.nl\/es\/tienda\/","og_site_name":"Zaans Museum","article_publisher":"https:\/\/www.facebook.com\/zaansmuseum","article_modified_time":"2022-11-08T08:41:10+00:00","og_image":[{"width":1030,"height":687,"url":"https:\/\/zaansmuseum.nl\/wp-content\/uploads\/2017\/04\/Zaans-Museum-foto-Pascal-Fielmich-2-1030x687.jpg","type":"image\/jpeg"}],"twitter_card":"summary_large_image","twitter_site":"@ZaansMuseum","twitter_misc":{"Tiempo de lectura":"5 minutos"},"schema":{"@context":"https:\/\/schema.org","@graph":[{"@type":"WebPage","@id":"https:\/\/zaansmuseum.nl\/es\/tienda\/","url":"https:\/\/zaansmuseum.nl\/es\/tienda\/","name":"Tienda - Zaans Museum","isPartOf":{"@id":"https:\/\/zaansmuseum.nl\/fr\/#website"},"datePublished":"2016-07-01T13:14:08+00:00","dateModified":"2022-11-08T08:41:10+00:00","description":"Disfrute de un caf\u00e9 acompa\u00f1ado de una pasta fresca o de un delicioso almuerzo con vistas a los molinos y al p\u00f3lder holand\u00e9s. \u00a1O compre a gusto en nuestra MuseumShop!","breadcrumb":{"@id":"https:\/\/zaansmuseum.nl\/es\/tienda\/#breadcrumb"},"inLanguage":"es","potentialAction":[{"@type":"ReadAction","target":["https:\/\/zaansmuseum.nl\/es\/tienda\/"]}]},{"@type":"BreadcrumbList","@id":"https:\/\/zaansmuseum.nl\/es\/tienda\/#breadcrumb","itemListElement":[{"@type":"ListItem","position":1,"name":"Home","item":"https:\/\/zaansmuseum.nl\/es\/informacion-entradas\/"},{"@type":"ListItem","position":2,"name":"Tienda"}]},{"@type":"WebSite","@id":"https:\/\/zaansmuseum.nl\/fr\/#website","url":"https:\/\/zaansmuseum.nl\/fr\/","name":"Zaans Museum","description":"","publisher":{"@id":"https:\/\/zaansmuseum.nl\/fr\/#organization"},"potentialAction":[{"@type":"SearchAction","target":{"@type":"EntryPoint","urlTemplate":"https:\/\/zaansmuseum.nl\/fr\/?s={search_term_string}"},"query-input":{"@type":"PropertyValueSpecification","valueRequired":true,"valueName":"search_term_string"}}],"inLanguage":"es"},{"@type":"Organization","@id":"https:\/\/zaansmuseum.nl\/fr\/#organization","name":"Zaans Museum","url":"https:\/\/zaansmuseum.nl\/fr\/","logo":{"@type":"ImageObject","inLanguage":"es","@id":"https:\/\/zaansmuseum.nl\/fr\/#\/schema\/logo\/image\/","url":"https:\/\/zaansmuseum.nl\/wp-content\/uploads\/2016\/12\/Zaans-Museum-Logo-Transparant.png","contentUrl":"https:\/\/zaansmuseum.nl\/wp-content\/uploads\/2016\/12\/Zaans-Museum-Logo-Transparant.png","width":300,"height":62,"caption":"Zaans Museum"},"image":{"@id":"https:\/\/zaansmuseum.nl\/fr\/#\/schema\/logo\/image\/"},"sameAs":["https:\/\/www.facebook.com\/zaansmuseum","https:\/\/x.com\/ZaansMuseum","http:\/\/www.pictaram.com\/user\/zaansmuseum\/2140108873","http:\/\/www.pinterest.com\/zaansmuseum\/","http:\/\/www.youtube.com\/user\/ZaansMuseum"]}]}},"_links":{"self":[{"href":"https:\/\/zaansmuseum.nl\/es\/wp-json\/wp\/v2\/pages\/7112","targetHints":{"allow":["GET"]}}],"collection":[{"href":"https:\/\/zaansmuseum.nl\/es\/wp-json\/wp\/v2\/pages"}],"about":[{"href":"https:\/\/zaansmuseum.nl\/es\/wp-json\/wp\/v2\/types\/page"}],"author":[{"embeddable":true,"href":"https:\/\/zaansmuseum.nl\/es\/wp-json\/wp\/v2\/users\/7"}],"replies":[{"embeddable":true,"href":"https:\/\/zaansmuseum.nl\/es\/wp-json\/wp\/v2\/comments?post=7112"}],"version-history":[{"count":0,"href":"https:\/\/zaansmuseum.nl\/es\/wp-json\/wp\/v2\/pages\/7112\/revisions"}],"wp:attachment":[{"href":"https:\/\/zaansmuseum.nl\/es\/wp-json\/wp\/v2\/media?parent=7112"}],"curies":[{"name":"wp","href":"https:\/\/api.w.org\/{rel}","templated":true}]}}