{"id":6809,"date":"2017-03-10T15:16:41","date_gmt":"2017-03-10T14:16:41","guid":{"rendered":"https:\/\/zaansmuseum.nl\/czaar-peterhuisje-educacion-packs\/"},"modified":"2022-01-14T12:19:06","modified_gmt":"2022-01-14T11:19:06","slug":"maison-du-tsar-pierre-le-grand-visites-guidees-formules","status":"publish","type":"page","link":"https:\/\/zaansmuseum.nl\/fr\/maison-du-tsar-pierre-le-grand\/maison-du-tsar-pierre-le-grand-visites-guidees-formules\/","title":{"rendered":"Visites guid\u00e9es &#038; Formules (Maison du tsar Pierre le Grand)"},"content":{"rendered":"\n<style type=\"text\/css\" data-created_by=\"avia_inline_auto\" id=\"style-css-av-av_section-5adba1540654ccc06c1941759a64ad54\">\n.avia-section.av-av_section-5adba1540654ccc06c1941759a64ad54{\nbackground-repeat:no-repeat;\nbackground-image:url(https:\/\/zaansmuseum.nl\/wp-content\/uploads\/2020\/06\/Czaar-Peterhuisje-foto-Bart-Homburg-2-1500x630.jpg);\nbackground-position:50% 50%;\nbackground-attachment:fixed;\n}\n<\/style>\n<div id='av_section_1'  class='avia-section av-av_section-5adba1540654ccc06c1941759a64ad54 main_color avia-section-default avia-no-shadow  avia-builder-el-0  el_before_av_layout_row  avia-builder-el-first  avia-full-stretch avia-bg-style-fixed av-minimum-height av-minimum-height-50 av-height-50  container_wrap fullsize'  data-section-bg-repeat='stretch' data-av_minimum_height_pc='50' data-av_min_height_opt='50'><div class='container av-section-cont-open' ><main  role=\"main\" itemprop=\"mainContentOfPage\"  class='template-page content  av-content-full alpha units'><div class='post-entry post-entry-type-page post-entry-6809'><div class='entry-content-wrapper clearfix'>\n<\/div><\/div><\/main><!-- close content main element --><\/div><\/div><div id='av-layout-grid-1'  class='av-layout-grid-container av-av_layout_row-42fd8630215aff1cfd8b45bb424676b3 entry-content-wrapper main_color av-flex-cells  avia-builder-el-1  el_after_av_section  el_before_av_layout_row  grid-row-not-first  container_wrap fullsize'  >\n\n<style type=\"text\/css\" data-created_by=\"avia_inline_auto\" id=\"style-css-av-av_cell_one_full-9afe72e6a6eb6a4a94dc6304faadb634\">\n.flex_cell.av-av_cell_one_full-9afe72e6a6eb6a4a94dc6304faadb634{\nvertical-align:top;\nbackground-color:#d3755b;\n}\n.responsive #top #wrap_all .flex_cell.av-av_cell_one_full-9afe72e6a6eb6a4a94dc6304faadb634{\npadding:30px 30px 30px 30px !important;\n}\n<\/style>\n<div class='flex_cell av-av_cell_one_full-9afe72e6a6eb6a4a94dc6304faadb634 av-gridrow-cell av_one_full no_margin  avia-builder-el-2  avia-builder-el-no-sibling  content-align-top'  ><div class='flex_cell_inner'>\n<style type=\"text\/css\" data-created_by=\"avia_inline_auto\" id=\"style-css-av-av_heading-fc9ef52dfc5b6620aa261b8fb759fa80\">\n#top .av-special-heading.av-av_heading-fc9ef52dfc5b6620aa261b8fb759fa80{\npadding-bottom:10px;\ncolor:#ffffff;\n}\nbody .av-special-heading.av-av_heading-fc9ef52dfc5b6620aa261b8fb759fa80 .av-special-heading-tag .heading-char{\nfont-size:25px;\n}\n.av-special-heading.av-av_heading-fc9ef52dfc5b6620aa261b8fb759fa80 .special-heading-inner-border{\nborder-color:#ffffff;\n}\n.av-special-heading.av-av_heading-fc9ef52dfc5b6620aa261b8fb759fa80 .av-subheading{\nfont-size:15px;\n}\n<\/style>\n<div  class='av-special-heading av-av_heading-fc9ef52dfc5b6620aa261b8fb759fa80 av-special-heading-h1 custom-color-heading blockquote modern-quote  avia-builder-el-3  avia-builder-el-no-sibling '><h1 class='av-special-heading-tag '  itemprop=\"headline\"  >Visites guid\u00e9es <span class='special_amp'>&amp;<\/span> Formules<\/h1><div class=\"special-heading-border\"><div class=\"special-heading-inner-border\"><\/div><\/div><\/div>\n<\/div><\/div>\n<\/div>\n<div id='av-layout-grid-2'  class='av-layout-grid-container av-av_layout_row-abd76fc84979b1a8245f4ce39c698b8e entry-content-wrapper main_color av-flex-cells  avia-builder-el-4  el_after_av_layout_row  el_before_av_section  grid-row-not-first  container_wrap fullsize'  >\n\n<style type=\"text\/css\" data-created_by=\"avia_inline_auto\" id=\"style-css-av-av_cell_one_third-33b723b64c5d0de44ba9322e8c57697a\">\n.flex_cell.av-av_cell_one_third-33b723b64c5d0de44ba9322e8c57697a{\nvertical-align:top;\nheight:300px;\nmin-height:300px;\n}\n.responsive #top #wrap_all .flex_cell.av-av_cell_one_third-33b723b64c5d0de44ba9322e8c57697a{\npadding:30px 30px 30px 30px !important;\n}\n<\/style>\n<div class='flex_cell av-av_cell_one_third-33b723b64c5d0de44ba9322e8c57697a av-gridrow-cell av_one_third no_margin  avia-builder-el-5  el_before_av_cell_one_third  avia-builder-el-first  content-align-top'  ><div class='flex_cell_inner'><p>\n<style type=\"text\/css\" data-created_by=\"avia_inline_auto\" id=\"style-css-av-av_heading-3a4f301e4a2b72db7867f0cc04a5ab43\">\n#top .av-special-heading.av-av_heading-3a4f301e4a2b72db7867f0cc04a5ab43{\npadding-bottom:10px;\n}\nbody .av-special-heading.av-av_heading-3a4f301e4a2b72db7867f0cc04a5ab43 .av-special-heading-tag .heading-char{\nfont-size:25px;\n}\n.av-special-heading.av-av_heading-3a4f301e4a2b72db7867f0cc04a5ab43 .av-subheading{\nfont-size:15px;\n}\n<\/style>\n<div  class='av-special-heading av-av_heading-3a4f301e4a2b72db7867f0cc04a5ab43 av-special-heading-h3 blockquote modern-quote  avia-builder-el-6  el_before_av_textblock  avia-builder-el-first '><h3 class='av-special-heading-tag '  itemprop=\"headline\"  >Visites guid\u00e9es<\/h3><div class=\"special-heading-border\"><div class=\"special-heading-inner-border\"><\/div><\/div><\/div><br \/>\n<section  class='av_textblock_section av-av_textblock-283972ea15f2e73870c23e2d6de3245d '   itemscope=\"itemscope\" itemtype=\"https:\/\/schema.org\/CreativeWork\" ><div class='avia_textblock'  itemprop=\"text\" ><p>D\u00e9couvrez la Czaar Peterhuisje gr\u00e2ce \u00e0 une visite guid\u00e9e de groupe.<\/p>\n<p><a href=\"https:\/\/zaansmuseum.nl\/en\/group-visits-venue-hire\/guided-tours\/\">D\u00e9couvrez ici nos visites guid\u00e9es<\/a><\/p>\n<\/div><\/section><\/p>\n<\/div><\/div>\n<style type=\"text\/css\" data-created_by=\"avia_inline_auto\" id=\"style-css-av-av_cell_one_third-51b412bbb60bddb5dfbf454096def0bd\">\n.flex_cell.av-av_cell_one_third-51b412bbb60bddb5dfbf454096def0bd{\nvertical-align:top;\nheight:300px;\nmin-height:300px;\nbackground-color:#efefef;\n}\n.responsive #top #wrap_all .flex_cell.av-av_cell_one_third-51b412bbb60bddb5dfbf454096def0bd{\npadding:30px 30px 30px 30px !important;\n}\n<\/style>\n<div class='flex_cell av-av_cell_one_third-51b412bbb60bddb5dfbf454096def0bd av-gridrow-cell av_one_third no_margin  avia-builder-el-8  el_after_av_cell_one_third  el_before_av_cell_one_third  Schoolreisjes content-align-top'  ><div class='flex_cell_inner'><p>\n<style type=\"text\/css\" data-created_by=\"avia_inline_auto\" id=\"style-css-av-av_heading-e44cfbd7d8db56d9050bee43f6106f37\">\n#top .av-special-heading.av-av_heading-e44cfbd7d8db56d9050bee43f6106f37{\npadding-bottom:10px;\n}\nbody .av-special-heading.av-av_heading-e44cfbd7d8db56d9050bee43f6106f37 .av-special-heading-tag .heading-char{\nfont-size:25px;\n}\n.av-special-heading.av-av_heading-e44cfbd7d8db56d9050bee43f6106f37 .av-subheading{\nfont-size:15px;\n}\n<\/style>\n<div  class='av-special-heading av-av_heading-e44cfbd7d8db56d9050bee43f6106f37 av-special-heading-h3 blockquote modern-quote  avia-builder-el-9  el_before_av_textblock  avia-builder-el-first '><h3 class='av-special-heading-tag '  itemprop=\"headline\"  >Formules<\/h3><div class=\"special-heading-border\"><div class=\"special-heading-inner-border\"><\/div><\/div><\/div><br \/>\n<section  class='av_textblock_section av-av_textblock-283972ea15f2e73870c23e2d6de3245d '   itemscope=\"itemscope\" itemtype=\"https:\/\/schema.org\/CreativeWork\" ><div class='avia_textblock'  itemprop=\"text\" ><p>Int\u00e9ress\u00e9(e) par une formule compl\u00e8te ? Nous vous proposons diverses possibilit\u00e9s. Combinez par exemple la Czaar Peterhuisje et le Monet Atelier dans le centre de Zaandam ou avec le Zaans Museum (Zaanse Schans).<\/p>\n<p><a href=\"https:\/\/zaansmuseum.nl\/en\/group-visits-venue-hire\/packages\/\">D\u00e9couvrez ici toutes nos formules<\/a><\/p>\n<\/div><\/section><\/p>\n<\/div><\/div>\n<style type=\"text\/css\" data-created_by=\"avia_inline_auto\" id=\"style-css-av-av_cell_one_third-41827d696df30c1145207325e2123056\">\n.flex_cell.av-av_cell_one_third-41827d696df30c1145207325e2123056{\nvertical-align:top;\nheight:300px;\nmin-height:300px;\nbackground:url(https:\/\/zaansmuseum.nl\/wp-content\/uploads\/2017\/04\/DSCF9605-1030x773.jpg) 50% 50% no-repeat scroll ;\n}\n.responsive #top #wrap_all .flex_cell.av-av_cell_one_third-41827d696df30c1145207325e2123056{\npadding:30px 30px 30px 30px !important;\n}\n<\/style>\n<div class='flex_cell av-av_cell_one_third-41827d696df30c1145207325e2123056 av-gridrow-cell av_one_third no_margin av-hide-on-mobile  avia-builder-el-11  el_after_av_cell_one_third  avia-builder-el-last  content-align-top avia-full-stretch'  ><div class='flex_cell_inner'><\/div><\/div>\n<\/div>\n\n<style type=\"text\/css\" data-created_by=\"avia_inline_auto\" id=\"style-css-av-av_section-42e9e9b213a7681141f0cdb07df689ef\">\n.avia-section.av-av_section-42e9e9b213a7681141f0cdb07df689ef{\nbackground-repeat:no-repeat;\nbackground-image:url(https:\/\/zaansmuseum.nl\/wp-content\/uploads\/2017\/05\/Czaar-Peterhuisje-Groepsbezoek-1030x686.jpg);\nbackground-position:50% 50%;\nbackground-attachment:scroll;\n}\n<\/style>\n<div id='av_section_2'  class='avia-section av-av_section-42e9e9b213a7681141f0cdb07df689ef main_color avia-section-default avia-no-shadow  avia-builder-el-12  el_after_av_layout_row  el_before_av_layout_row  avia-full-stretch avia-bg-style-scroll av-minimum-height av-minimum-height-75 av-height-75  av-section-with-video-bg container_wrap fullsize'  data-section-bg-repeat='stretch' data-av_minimum_height_pc='75' data-av_min_height_opt='75' data-section-video-ratio='16:9'><div  class='avia-slideshow av_slideshow_obj-1-6a0595ca17798 avia-slideshow-featured av_slideshow avia-slide-slider av-slideshow-ui av-control-default av-slideshow-manual av-loop-once av-loop-manual-endless av-default-height-applied  av-section-video-bg avia-slideshow-1' data-slideshow-options=\"{&quot;animation&quot;:&quot;slide&quot;,&quot;autoplay&quot;:false,&quot;loop_autoplay&quot;:&quot;once&quot;,&quot;interval&quot;:5,&quot;loop_manual&quot;:&quot;manual-endless&quot;,&quot;autoplay_stopper&quot;:false,&quot;noNavigation&quot;:false,&quot;bg_slider&quot;:false,&quot;keep_padding&quot;:false,&quot;hoverpause&quot;:false,&quot;show_slide_delay&quot;:0}\"  itemprop=\"image\" itemscope=\"itemscope\" itemtype=\"https:\/\/schema.org\/ImageObject\" ><ul class='avia-slideshow-inner ' style='padding-bottom: 28.666666666667%;'><li  data-controls='disabled' data-mute='aviaTBaviaTBvideo_mute' data-loop='1' data-disable-autoplay=''  data-video-ratio='1.7777777777778' class='avia-slideshow-slide av_slideshow_obj-1-6a0595ca17798__0  av-video-slide  av-video-service-youtube  av-hide-video-controls av-mute-video av-loop-video  av-single-slide slide-1 slide-odd'><div data-rel='slideshow-1' class='avia-slide-wrap '   ><div class='av-click-overlay'><\/div><div class='mejs-mediaelement'  itemprop=\"video\" itemtype=\"https:\/\/schema.org\/VideoObject\" ><div height='1600' width='900' class='av_youtube_frame' id='player_6809_531336284_1537508931'  data-autoplay='0'  data-videoid='5G9kop6iIpE'  data-hd='1'  data-rel='0'  data-wmode='opaque'  data-loop='0'  data-version='3'  data-autohide='1'  data-color='white'  data-controls='0'  data-iv_load_policy='3'  data-original_url='https:\/\/youtu.be\/5G9kop6iIpE' ><\/div><\/div><div class=\"av-click-to-play-overlay\"><div class=\"avia_playpause_icon\"><\/div><\/div><\/div><\/li><\/ul><\/div><div class='container av-section-cont-open' ><div class='template-page content  av-content-full alpha units'><div class='post-entry post-entry-type-page post-entry-6809'><div class='entry-content-wrapper clearfix'>\n\n<style type=\"text\/css\" data-created_by=\"avia_inline_auto\" id=\"style-css-av-av_hr-b7909a556cc4d7c56464cc493520d98c\">\n#top .hr.hr-invisible.av-av_hr-b7909a556cc4d7c56464cc493520d98c{\nheight:300px;\n}\n<\/style>\n<div  class='hr av-av_hr-b7909a556cc4d7c56464cc493520d98c hr-invisible  avia-builder-el-13  el_before_av_textblock  avia-builder-el-first '><span class='hr-inner '><span class=\"hr-inner-style\"><\/span><\/span><\/div>\n\n<style type=\"text\/css\" data-created_by=\"avia_inline_auto\" id=\"style-css-av-av_textblock-a5dfef86801b8605790ae74ce3daf0f5\">\n#top .av_textblock_section.av-av_textblock-a5dfef86801b8605790ae74ce3daf0f5 .avia_textblock{\ncolor:#ffffff;\n}\n<\/style>\n<section  class='av_textblock_section av-av_textblock-a5dfef86801b8605790ae74ce3daf0f5 '   itemscope=\"itemscope\" itemtype=\"https:\/\/schema.org\/CreativeWork\" ><div class='avia_textblock av_inherit_color'  itemprop=\"text\" ><p style=\"text-align: right;\"><a href=\"https:\/\/www.youtube.com\/watch?v=5G9kop6iIpE\" rel=\"noopener\">regarder une vid\u00e9o avec du son<\/a><\/p>\n<\/div><\/section>\n\n<\/div><\/div><\/div><!-- close content main div --><\/div><\/div><div id='av-layout-grid-3'  class='av-layout-grid-container av-av_layout_row-42fd8630215aff1cfd8b45bb424676b3 entry-content-wrapper main_color av-flex-cells  avia-builder-el-15  el_after_av_section  avia-builder-el-last  grid-row-not-first  container_wrap fullsize'  >\n\n<style type=\"text\/css\" data-created_by=\"avia_inline_auto\" id=\"style-css-av-av_cell_one_full-6648c00024341d6f3c23cae099fdf8c2\">\n.flex_cell.av-av_cell_one_full-6648c00024341d6f3c23cae099fdf8c2{\nvertical-align:top;\nbackground-color:#b24c30;\n}\n.responsive #top #wrap_all .flex_cell.av-av_cell_one_full-6648c00024341d6f3c23cae099fdf8c2{\npadding:30px 30px 30px 30px !important;\n}\n<\/style>\n<div class='flex_cell av-av_cell_one_full-6648c00024341d6f3c23cae099fdf8c2 av-gridrow-cell av_one_full no_margin  avia-builder-el-16  avia-builder-el-no-sibling  content-align-top'  ><div class='flex_cell_inner'><p>\n<style type=\"text\/css\" data-created_by=\"avia_inline_auto\" id=\"style-css-av-av_heading-5112ccb7acb003cfee7d0c16b50ea735\">\n#top .av-special-heading.av-av_heading-5112ccb7acb003cfee7d0c16b50ea735{\npadding-bottom:10px;\ncolor:#ffffff;\n}\nbody .av-special-heading.av-av_heading-5112ccb7acb003cfee7d0c16b50ea735 .av-special-heading-tag .heading-char{\nfont-size:25px;\n}\n.av-special-heading.av-av_heading-5112ccb7acb003cfee7d0c16b50ea735 .special-heading-inner-border{\nborder-color:#ffffff;\n}\n.av-special-heading.av-av_heading-5112ccb7acb003cfee7d0c16b50ea735 .av-subheading{\nfont-size:15px;\n}\n<\/style>\n<div  class='av-special-heading av-av_heading-5112ccb7acb003cfee7d0c16b50ea735 av-special-heading-h2 custom-color-heading blockquote modern-quote modern-centered  avia-builder-el-17  el_before_av_button  avia-builder-el-first '><h2 class='av-special-heading-tag '  itemprop=\"headline\"  >Votre avis nous int\u00e9resse!<\/h2><div class=\"special-heading-border\"><div class=\"special-heading-inner-border\"><\/div><\/div><\/div><br \/>\n<div  class='avia-button-wrap av-av_button-7c407626efeb6f154a5d9874d7f2354f-wrap avia-button-center  avia-builder-el-18  el_after_av_heading  avia-builder-el-last '>\n<style type=\"text\/css\" data-created_by=\"avia_inline_auto\" id=\"style-css-av-av_button-7c407626efeb6f154a5d9874d7f2354f\">\n#top #wrap_all .avia-button.av-av_button-7c407626efeb6f154a5d9874d7f2354f{\nbackground-color:#ffffff;\nborder-color:#ffffff;\ncolor:#d3755b;\ntransition:all 0.4s ease-in-out;\n}\n#top #wrap_all .avia-button.av-av_button-7c407626efeb6f154a5d9874d7f2354f .avia-svg-icon svg:first-child{\nfill:#d3755b;\nstroke:#d3755b;\n}\n<\/style>\n<a href='https:\/\/www.tripadvisor.fr\/Attraction_Review-g188600-d2212152-Reviews-The_Tsar_Peter_House-Zaandam_North_Holland_Province.html'  class='avia-button av-av_button-7c407626efeb6f154a5d9874d7f2354f av-link-btn avia-icon_select-no avia-size-medium avia-position-center'  target=\"_blank\"  rel=\"noopener noreferrer\"  aria-label=\"Donnez votre avis sur Tripadvisor\"><span class='avia_iconbox_title' >Donnez votre avis sur Tripadvisor<\/span><\/a><\/div><\/p>\n<\/div><\/div><\/div>\n","protected":false},"excerpt":{"rendered":"","protected":false},"author":25,"featured_media":0,"parent":9852,"menu_order":0,"comment_status":"closed","ping_status":"closed","template":"","meta":{"_acf_changed":false,"footnotes":""},"class_list":["post-6809","page","type-page","status-publish","hentry"],"acf":[],"yoast_head":"<!-- This site is optimized with the Yoast SEO plugin v27.4 - https:\/\/yoast.com\/product\/yoast-seo-wordpress\/ -->\n<title>Enseignement &amp; Formules - Czaar Peterhuisje<\/title>\n<meta name=\"description\" content=\"D\u00e9couvrez la Czaar Peterhuisje. La Czaar Peterhuisje vous propose une visite guid\u00e9e, un programme \u00e9ducatif ainsi que diverses formules. Une exp\u00e9rience unique. D\u00e9couvrez nos offres!\" \/>\n<meta name=\"robots\" content=\"index, follow, max-snippet:-1, max-image-preview:large, max-video-preview:-1\" \/>\n<link rel=\"canonical\" href=\"https:\/\/zaansmuseum.nl\/fr\/maison-du-tsar-pierre-le-grand\/maison-du-tsar-pierre-le-grand-visites-guidees-formules\/\" \/>\n<meta property=\"og:locale\" content=\"fr_FR\" \/>\n<meta property=\"og:type\" content=\"article\" \/>\n<meta property=\"og:title\" content=\"Enseignement &amp; Formules - Czaar Peterhuisje\" \/>\n<meta property=\"og:description\" content=\"D\u00e9couvrez la Czaar Peterhuisje. La Czaar Peterhuisje vous propose une visite guid\u00e9e, un programme \u00e9ducatif ainsi que diverses formules. Une exp\u00e9rience unique. D\u00e9couvrez nos offres!\" \/>\n<meta property=\"og:url\" content=\"https:\/\/zaansmuseum.nl\/fr\/maison-du-tsar-pierre-le-grand\/maison-du-tsar-pierre-le-grand-visites-guidees-formules\/\" \/>\n<meta property=\"og:site_name\" content=\"Zaans Museum\" \/>\n<meta property=\"article:publisher\" content=\"https:\/\/www.facebook.com\/zaansmuseum\" \/>\n<meta property=\"article:modified_time\" content=\"2022-01-14T11:19:06+00:00\" \/>\n<meta property=\"og:image\" content=\"https:\/\/zaansmuseum.nl\/wp-content\/uploads\/2017\/04\/Zaans-Museum-foto-Pascal-Fielmich-2-1030x687.jpg\" \/>\n\t<meta property=\"og:image:width\" content=\"1030\" \/>\n\t<meta property=\"og:image:height\" content=\"687\" \/>\n\t<meta property=\"og:image:type\" content=\"image\/jpeg\" \/>\n<meta name=\"twitter:card\" content=\"summary_large_image\" \/>\n<meta name=\"twitter:site\" content=\"@ZaansMuseum\" \/>\n<meta name=\"twitter:label1\" content=\"Dur\u00e9e de lecture estim\u00e9e\" \/>\n\t<meta name=\"twitter:data1\" content=\"5 minutes\" \/>\n<script type=\"application\/ld+json\" class=\"yoast-schema-graph\">{\"@context\":\"https:\\\/\\\/schema.org\",\"@graph\":[{\"@type\":\"WebPage\",\"@id\":\"https:\\\/\\\/zaansmuseum.nl\\\/fr\\\/maison-du-tsar-pierre-le-grand\\\/maison-du-tsar-pierre-le-grand-visites-guidees-formules\\\/\",\"url\":\"https:\\\/\\\/zaansmuseum.nl\\\/fr\\\/maison-du-tsar-pierre-le-grand\\\/maison-du-tsar-pierre-le-grand-visites-guidees-formules\\\/\",\"name\":\"Enseignement & Formules - Czaar Peterhuisje\",\"isPartOf\":{\"@id\":\"https:\\\/\\\/zaansmuseum.nl\\\/fr\\\/#website\"},\"datePublished\":\"2017-03-10T14:16:41+00:00\",\"dateModified\":\"2022-01-14T11:19:06+00:00\",\"description\":\"D\u00e9couvrez la Czaar Peterhuisje. La Czaar Peterhuisje vous propose une visite guid\u00e9e, un programme \u00e9ducatif ainsi que diverses formules. Une exp\u00e9rience unique. D\u00e9couvrez nos offres!\",\"breadcrumb\":{\"@id\":\"https:\\\/\\\/zaansmuseum.nl\\\/fr\\\/maison-du-tsar-pierre-le-grand\\\/maison-du-tsar-pierre-le-grand-visites-guidees-formules\\\/#breadcrumb\"},\"inLanguage\":\"fr-FR\",\"potentialAction\":[{\"@type\":\"ReadAction\",\"target\":[\"https:\\\/\\\/zaansmuseum.nl\\\/fr\\\/maison-du-tsar-pierre-le-grand\\\/maison-du-tsar-pierre-le-grand-visites-guidees-formules\\\/\"]}]},{\"@type\":\"BreadcrumbList\",\"@id\":\"https:\\\/\\\/zaansmuseum.nl\\\/fr\\\/maison-du-tsar-pierre-le-grand\\\/maison-du-tsar-pierre-le-grand-visites-guidees-formules\\\/#breadcrumb\",\"itemListElement\":[{\"@type\":\"ListItem\",\"position\":1,\"name\":\"Home\",\"item\":\"https:\\\/\\\/zaansmuseum.nl\\\/fr\\\/info-billets-2\\\/\"},{\"@type\":\"ListItem\",\"position\":2,\"name\":\"Info &#038; Billets (Maison du tsar Pierre le Grand)\",\"item\":\"https:\\\/\\\/zaansmuseum.nl\\\/fr\\\/maison-du-tsar-pierre-le-grand\\\/\"},{\"@type\":\"ListItem\",\"position\":3,\"name\":\"Visites guid\u00e9es &#038; Formules (Maison du tsar Pierre le Grand)\"}]},{\"@type\":\"WebSite\",\"@id\":\"https:\\\/\\\/zaansmuseum.nl\\\/fr\\\/#website\",\"url\":\"https:\\\/\\\/zaansmuseum.nl\\\/fr\\\/\",\"name\":\"Zaans Museum\",\"description\":\"\",\"publisher\":{\"@id\":\"https:\\\/\\\/zaansmuseum.nl\\\/fr\\\/#organization\"},\"potentialAction\":[{\"@type\":\"SearchAction\",\"target\":{\"@type\":\"EntryPoint\",\"urlTemplate\":\"https:\\\/\\\/zaansmuseum.nl\\\/fr\\\/?s={search_term_string}\"},\"query-input\":{\"@type\":\"PropertyValueSpecification\",\"valueRequired\":true,\"valueName\":\"search_term_string\"}}],\"inLanguage\":\"fr-FR\"},{\"@type\":\"Organization\",\"@id\":\"https:\\\/\\\/zaansmuseum.nl\\\/fr\\\/#organization\",\"name\":\"Zaans Museum\",\"url\":\"https:\\\/\\\/zaansmuseum.nl\\\/fr\\\/\",\"logo\":{\"@type\":\"ImageObject\",\"inLanguage\":\"fr-FR\",\"@id\":\"https:\\\/\\\/zaansmuseum.nl\\\/fr\\\/#\\\/schema\\\/logo\\\/image\\\/\",\"url\":\"https:\\\/\\\/zaansmuseum.nl\\\/wp-content\\\/uploads\\\/2016\\\/12\\\/Zaans-Museum-Logo-Transparant.png\",\"contentUrl\":\"https:\\\/\\\/zaansmuseum.nl\\\/wp-content\\\/uploads\\\/2016\\\/12\\\/Zaans-Museum-Logo-Transparant.png\",\"width\":300,\"height\":62,\"caption\":\"Zaans Museum\"},\"image\":{\"@id\":\"https:\\\/\\\/zaansmuseum.nl\\\/fr\\\/#\\\/schema\\\/logo\\\/image\\\/\"},\"sameAs\":[\"https:\\\/\\\/www.facebook.com\\\/zaansmuseum\",\"https:\\\/\\\/x.com\\\/ZaansMuseum\",\"http:\\\/\\\/www.pictaram.com\\\/user\\\/zaansmuseum\\\/2140108873\",\"http:\\\/\\\/www.pinterest.com\\\/zaansmuseum\\\/\",\"http:\\\/\\\/www.youtube.com\\\/user\\\/ZaansMuseum\"]}]}<\/script>\n<!-- \/ Yoast SEO plugin. -->","yoast_head_json":{"title":"Enseignement & Formules - Czaar Peterhuisje","description":"D\u00e9couvrez la Czaar Peterhuisje. La Czaar Peterhuisje vous propose une visite guid\u00e9e, un programme \u00e9ducatif ainsi que diverses formules. Une exp\u00e9rience unique. D\u00e9couvrez nos offres!","robots":{"index":"index","follow":"follow","max-snippet":"max-snippet:-1","max-image-preview":"max-image-preview:large","max-video-preview":"max-video-preview:-1"},"canonical":"https:\/\/zaansmuseum.nl\/fr\/maison-du-tsar-pierre-le-grand\/maison-du-tsar-pierre-le-grand-visites-guidees-formules\/","og_locale":"fr_FR","og_type":"article","og_title":"Enseignement & Formules - Czaar Peterhuisje","og_description":"D\u00e9couvrez la Czaar Peterhuisje. La Czaar Peterhuisje vous propose une visite guid\u00e9e, un programme \u00e9ducatif ainsi que diverses formules. Une exp\u00e9rience unique. D\u00e9couvrez nos offres!","og_url":"https:\/\/zaansmuseum.nl\/fr\/maison-du-tsar-pierre-le-grand\/maison-du-tsar-pierre-le-grand-visites-guidees-formules\/","og_site_name":"Zaans Museum","article_publisher":"https:\/\/www.facebook.com\/zaansmuseum","article_modified_time":"2022-01-14T11:19:06+00:00","og_image":[{"width":1030,"height":687,"url":"https:\/\/zaansmuseum.nl\/wp-content\/uploads\/2017\/04\/Zaans-Museum-foto-Pascal-Fielmich-2-1030x687.jpg","type":"image\/jpeg"}],"twitter_card":"summary_large_image","twitter_site":"@ZaansMuseum","twitter_misc":{"Dur\u00e9e de lecture estim\u00e9e":"5 minutes"},"schema":{"@context":"https:\/\/schema.org","@graph":[{"@type":"WebPage","@id":"https:\/\/zaansmuseum.nl\/fr\/maison-du-tsar-pierre-le-grand\/maison-du-tsar-pierre-le-grand-visites-guidees-formules\/","url":"https:\/\/zaansmuseum.nl\/fr\/maison-du-tsar-pierre-le-grand\/maison-du-tsar-pierre-le-grand-visites-guidees-formules\/","name":"Enseignement & Formules - Czaar Peterhuisje","isPartOf":{"@id":"https:\/\/zaansmuseum.nl\/fr\/#website"},"datePublished":"2017-03-10T14:16:41+00:00","dateModified":"2022-01-14T11:19:06+00:00","description":"D\u00e9couvrez la Czaar Peterhuisje. La Czaar Peterhuisje vous propose une visite guid\u00e9e, un programme \u00e9ducatif ainsi que diverses formules. Une exp\u00e9rience unique. D\u00e9couvrez nos offres!","breadcrumb":{"@id":"https:\/\/zaansmuseum.nl\/fr\/maison-du-tsar-pierre-le-grand\/maison-du-tsar-pierre-le-grand-visites-guidees-formules\/#breadcrumb"},"inLanguage":"fr-FR","potentialAction":[{"@type":"ReadAction","target":["https:\/\/zaansmuseum.nl\/fr\/maison-du-tsar-pierre-le-grand\/maison-du-tsar-pierre-le-grand-visites-guidees-formules\/"]}]},{"@type":"BreadcrumbList","@id":"https:\/\/zaansmuseum.nl\/fr\/maison-du-tsar-pierre-le-grand\/maison-du-tsar-pierre-le-grand-visites-guidees-formules\/#breadcrumb","itemListElement":[{"@type":"ListItem","position":1,"name":"Home","item":"https:\/\/zaansmuseum.nl\/fr\/info-billets-2\/"},{"@type":"ListItem","position":2,"name":"Info &#038; Billets (Maison du tsar Pierre le Grand)","item":"https:\/\/zaansmuseum.nl\/fr\/maison-du-tsar-pierre-le-grand\/"},{"@type":"ListItem","position":3,"name":"Visites guid\u00e9es &#038; Formules (Maison du tsar Pierre le Grand)"}]},{"@type":"WebSite","@id":"https:\/\/zaansmuseum.nl\/fr\/#website","url":"https:\/\/zaansmuseum.nl\/fr\/","name":"Zaans Museum","description":"","publisher":{"@id":"https:\/\/zaansmuseum.nl\/fr\/#organization"},"potentialAction":[{"@type":"SearchAction","target":{"@type":"EntryPoint","urlTemplate":"https:\/\/zaansmuseum.nl\/fr\/?s={search_term_string}"},"query-input":{"@type":"PropertyValueSpecification","valueRequired":true,"valueName":"search_term_string"}}],"inLanguage":"fr-FR"},{"@type":"Organization","@id":"https:\/\/zaansmuseum.nl\/fr\/#organization","name":"Zaans Museum","url":"https:\/\/zaansmuseum.nl\/fr\/","logo":{"@type":"ImageObject","inLanguage":"fr-FR","@id":"https:\/\/zaansmuseum.nl\/fr\/#\/schema\/logo\/image\/","url":"https:\/\/zaansmuseum.nl\/wp-content\/uploads\/2016\/12\/Zaans-Museum-Logo-Transparant.png","contentUrl":"https:\/\/zaansmuseum.nl\/wp-content\/uploads\/2016\/12\/Zaans-Museum-Logo-Transparant.png","width":300,"height":62,"caption":"Zaans Museum"},"image":{"@id":"https:\/\/zaansmuseum.nl\/fr\/#\/schema\/logo\/image\/"},"sameAs":["https:\/\/www.facebook.com\/zaansmuseum","https:\/\/x.com\/ZaansMuseum","http:\/\/www.pictaram.com\/user\/zaansmuseum\/2140108873","http:\/\/www.pinterest.com\/zaansmuseum\/","http:\/\/www.youtube.com\/user\/ZaansMuseum"]}]}},"_links":{"self":[{"href":"https:\/\/zaansmuseum.nl\/fr\/wp-json\/wp\/v2\/pages\/6809","targetHints":{"allow":["GET"]}}],"collection":[{"href":"https:\/\/zaansmuseum.nl\/fr\/wp-json\/wp\/v2\/pages"}],"about":[{"href":"https:\/\/zaansmuseum.nl\/fr\/wp-json\/wp\/v2\/types\/page"}],"author":[{"embeddable":true,"href":"https:\/\/zaansmuseum.nl\/fr\/wp-json\/wp\/v2\/users\/25"}],"replies":[{"embeddable":true,"href":"https:\/\/zaansmuseum.nl\/fr\/wp-json\/wp\/v2\/comments?post=6809"}],"version-history":[{"count":0,"href":"https:\/\/zaansmuseum.nl\/fr\/wp-json\/wp\/v2\/pages\/6809\/revisions"}],"up":[{"embeddable":true,"href":"https:\/\/zaansmuseum.nl\/fr\/wp-json\/wp\/v2\/pages\/9852"}],"wp:attachment":[{"href":"https:\/\/zaansmuseum.nl\/fr\/wp-json\/wp\/v2\/media?parent=6809"}],"curies":[{"name":"wp","href":"https:\/\/api.w.org\/{rel}","templated":true}]}}