{"id":7101,"date":"2016-07-01T15:14:08","date_gmt":"2016-07-01T13:14:08","guid":{"rendered":"https:\/\/zaansmuseum.nl\/museumscafe-museumsshop\/"},"modified":"2022-11-08T09:40:13","modified_gmt":"2022-11-08T08:40:13","slug":"museumshop","status":"publish","type":"page","link":"https:\/\/zaansmuseum.nl\/fr\/museumshop\/","title":{"rendered":"Museumshop"},"content":{"rendered":"\n<style type=\"text\/css\" data-created_by=\"avia_inline_auto\" id=\"style-css-av-av_section-3a0df0a62a003b2024b2ddf8cc9097fd\">\n.avia-section.av-av_section-3a0df0a62a003b2024b2ddf8cc9097fd .av-parallax .av-parallax-inner{\nbackground-repeat:no-repeat;\nbackground-image:url(https:\/\/zaansmuseum.nl\/wp-content\/uploads\/2021\/03\/Zaanse-huisjes-enz-1500x630.png);\nbackground-position:50% 50%;\nbackground-attachment:scroll;\n}\n<\/style>\n<div id='av_section_1'  class='avia-section av-av_section-3a0df0a62a003b2024b2ddf8cc9097fd main_color avia-section-default avia-no-shadow  avia-builder-el-0  el_before_av_layout_row  avia-builder-el-first  avia-full-stretch av-parallax-section avia-bg-style-parallax av-minimum-height av-minimum-height-50 av-height-50  container_wrap fullsize'  data-section-bg-repeat='stretch' data-av_minimum_height_pc='50' data-av_min_height_opt='50'><div class='av-parallax' data-avia-parallax-ratio='0.3' ><div class='av-parallax-inner main_color avia-full-stretch'><\/div><\/div><div class='container av-section-cont-open' ><main  role=\"main\" itemprop=\"mainContentOfPage\"  class='template-page content  av-content-full alpha units'><div class='post-entry post-entry-type-page post-entry-7101'><div class='entry-content-wrapper clearfix'>\n<\/div><\/div><\/main><!-- close content main element --><\/div><\/div><div id='av-layout-grid-1'  class='av-layout-grid-container av-av_layout_row-42fd8630215aff1cfd8b45bb424676b3 entry-content-wrapper main_color av-flex-cells  avia-builder-el-1  el_after_av_section  el_before_av_layout_row  grid-row-not-first  container_wrap fullsize'  >\n\n<style type=\"text\/css\" data-created_by=\"avia_inline_auto\" id=\"style-css-av-av_cell_one_full-86f4fcc41d7a11501f82906ad27c7f90\">\n.flex_cell.av-av_cell_one_full-86f4fcc41d7a11501f82906ad27c7f90{\nvertical-align:top;\nbackground-color:#32a3ea;\n}\n.responsive #top #wrap_all .flex_cell.av-av_cell_one_full-86f4fcc41d7a11501f82906ad27c7f90{\npadding:30px 30px 30px 30px !important;\n}\n<\/style>\n<div class='flex_cell av-av_cell_one_full-86f4fcc41d7a11501f82906ad27c7f90 av-gridrow-cell av_one_full no_margin  avia-builder-el-2  avia-builder-el-no-sibling  content-align-top'  ><div class='flex_cell_inner'>\n<style type=\"text\/css\" data-created_by=\"avia_inline_auto\" id=\"style-css-av-av_heading-9d45a734a6e5e8a151a9e0a5814c69c9\">\n#top .av-special-heading.av-av_heading-9d45a734a6e5e8a151a9e0a5814c69c9{\npadding-bottom:10px;\ncolor:#ffffff;\n}\nbody .av-special-heading.av-av_heading-9d45a734a6e5e8a151a9e0a5814c69c9 .av-special-heading-tag .heading-char{\nfont-size:25px;\n}\n.av-special-heading.av-av_heading-9d45a734a6e5e8a151a9e0a5814c69c9 .special-heading-inner-border{\nborder-color:#ffffff;\n}\n.av-special-heading.av-av_heading-9d45a734a6e5e8a151a9e0a5814c69c9 .av-subheading{\nfont-size:15px;\n}\n<\/style>\n<div  class='av-special-heading av-av_heading-9d45a734a6e5e8a151a9e0a5814c69c9 av-special-heading-h1 custom-color-heading blockquote modern-quote  avia-builder-el-3  avia-builder-el-no-sibling '><h1 class='av-special-heading-tag '  itemprop=\"headline\"  >MuseumShop<\/h1><div class=\"special-heading-border\"><div class=\"special-heading-inner-border\"><\/div><\/div><\/div>\n<\/div><\/div>\n<\/div>\n<div id='av-layout-grid-2'  class='av-layout-grid-container av-av_layout_row-caf1f26e08707a2ebe9176b630e736c2 entry-content-wrapper main_color av-flex-cells  avia-builder-el-4  el_after_av_layout_row  el_before_av_layout_row  grid-row-not-first  container_wrap fullsize'  >\n\n<style type=\"text\/css\" data-created_by=\"avia_inline_auto\" id=\"style-css-av-av_cell_one_third-61869954845ae836cec700ad8485a41e\">\n.flex_cell.av-av_cell_one_third-61869954845ae836cec700ad8485a41e{\nvertical-align:top;\nbackground-color:#ffffff;\n}\n.responsive #top #wrap_all .flex_cell.av-av_cell_one_third-61869954845ae836cec700ad8485a41e{\npadding:30px 30px 30px 30px !important;\n}\n<\/style>\n<div class='flex_cell av-av_cell_one_third-61869954845ae836cec700ad8485a41e av-gridrow-cell av_one_third no_margin  avia-builder-el-5  el_before_av_cell_one_third  avia-builder-el-first  content-align-top'  ><div class='flex_cell_inner'><p><section  class='av_textblock_section av-av_textblock-283972ea15f2e73870c23e2d6de3245d '   itemscope=\"itemscope\" itemtype=\"https:\/\/schema.org\/CreativeWork\" ><div class='avia_textblock'  itemprop=\"text\" ><p>La boutique du Zaans Museum propose de nombreux articles. Il y en a pour tous les go\u00fbts. Pour les jeunes et les moins jeunes, des articles typiquement hollandais et r\u00e9gionaux. Pour les paquets-cadeaux et cadeaux d\u2019entreprise id\u00e9aux (une bo\u00eete de bonbons Verkade, par exemple) : vous frappez \u00e0 la bonne porte.<\/p>\n<p>Au Zaans Museum, vous ne pouvez payer qu&rsquo;avec une carte de d\u00e9bit ou une carte de cr\u00e9dit.<\/p>\n<\/div><\/section><br \/>\n\n<style type=\"text\/css\" data-created_by=\"avia_inline_auto\" id=\"style-css-av-av_heading-bb048330a5364250b611b0c7de88978e\">\n#top .av-special-heading.av-av_heading-bb048330a5364250b611b0c7de88978e{\npadding-bottom:20px;\n}\nbody .av-special-heading.av-av_heading-bb048330a5364250b611b0c7de88978e .av-special-heading-tag .heading-char{\nfont-size:25px;\n}\n.av-special-heading.av-av_heading-bb048330a5364250b611b0c7de88978e .av-subheading{\nfont-size:15px;\n}\n<\/style>\n<div  class='av-special-heading av-av_heading-bb048330a5364250b611b0c7de88978e av-special-heading-h3 blockquote modern-quote  avia-builder-el-7  el_after_av_textblock  el_before_av_textblock '><h3 class='av-special-heading-tag '  itemprop=\"headline\"  >Design<\/h3><div class=\"special-heading-border\"><div class=\"special-heading-inner-border\"><\/div><\/div><\/div><br \/>\n<section  class='av_textblock_section av-av_textblock-283972ea15f2e73870c23e2d6de3245d '   itemscope=\"itemscope\" itemtype=\"https:\/\/schema.org\/CreativeWork\" ><div class='avia_textblock'  itemprop=\"text\" ><p>Le magasin vous propose de superbes articles design : ch\u00e2les, poterie, parures. Ces articles ont \u00e9t\u00e9 confectionn\u00e9s \u00e0 la demande sp\u00e9cifique du Zaans Museum et proposent une petite touche r\u00e9gionale et hollandaise.<\/p>\n<\/div><\/section><\/p>\n<\/div><\/div>\n<style type=\"text\/css\" data-created_by=\"avia_inline_auto\" id=\"style-css-av-av_cell_one_third-74581ea5593884c5cf4c3f82160a916e\">\n.flex_cell.av-av_cell_one_third-74581ea5593884c5cf4c3f82160a916e{\nvertical-align:top;\nbackground-color:#edeff0;\n}\n.responsive #top #wrap_all .flex_cell.av-av_cell_one_third-74581ea5593884c5cf4c3f82160a916e{\npadding:30px 30px 30px 30px !important;\n}\n<\/style>\n<div class='flex_cell av-av_cell_one_third-74581ea5593884c5cf4c3f82160a916e av-gridrow-cell av_one_third no_margin  avia-builder-el-9  el_after_av_cell_one_third  el_before_av_cell_one_third  content-align-top avia-full-stretch'  ><div class='flex_cell_inner'><p>\n<style type=\"text\/css\" data-created_by=\"avia_inline_auto\" id=\"style-css-av-av_heading-41c451fe0eae89baf3b5a0309c6e2d60\">\n#top .av-special-heading.av-av_heading-41c451fe0eae89baf3b5a0309c6e2d60{\npadding-bottom:20px;\n}\nbody .av-special-heading.av-av_heading-41c451fe0eae89baf3b5a0309c6e2d60 .av-special-heading-tag .heading-char{\nfont-size:25px;\n}\n.av-special-heading.av-av_heading-41c451fe0eae89baf3b5a0309c6e2d60 .av-subheading{\nfont-size:15px;\n}\n<\/style>\n<div  class='av-special-heading av-av_heading-41c451fe0eae89baf3b5a0309c6e2d60 av-special-heading-h3 blockquote modern-quote  avia-builder-el-10  el_before_av_textblock  avia-builder-el-first '><h3 class='av-special-heading-tag '  itemprop=\"headline\"  >Signature<\/h3><div class=\"special-heading-border\"><div class=\"special-heading-inner-border\"><\/div><\/div><\/div><br \/>\n<section  class='av_textblock_section av-av_textblock-283972ea15f2e73870c23e2d6de3245d '   itemscope=\"itemscope\" itemtype=\"https:\/\/schema.org\/CreativeWork\" ><div class='avia_textblock'  itemprop=\"text\" ><p>Nos articles vedettes rappellent les plus belles pi\u00e8ces de notre collection, comme le tableau \u00ab Le Voorzaan et Westerhem \u00bb de Claude Monet. Vous retrouverez \u00e9galement l\u2019histoire des produits de la r\u00e9gion du Zaan sur des articles contemporains.<\/p>\n<\/div><\/section><br \/>\n\n<style type=\"text\/css\" data-created_by=\"avia_inline_auto\" id=\"style-css-av-av_heading-abbae533f007be7fd0c893ed06a4a967\">\n#top .av-special-heading.av-av_heading-abbae533f007be7fd0c893ed06a4a967{\npadding-bottom:20px;\n}\nbody .av-special-heading.av-av_heading-abbae533f007be7fd0c893ed06a4a967 .av-special-heading-tag .heading-char{\nfont-size:25px;\n}\n.av-special-heading.av-av_heading-abbae533f007be7fd0c893ed06a4a967 .av-subheading{\nfont-size:15px;\n}\n<\/style>\n<div  class='av-special-heading av-av_heading-abbae533f007be7fd0c893ed06a4a967 av-special-heading-h3 blockquote modern-quote  avia-builder-el-12  el_after_av_textblock  el_before_av_textblock '><h3 class='av-special-heading-tag '  itemprop=\"headline\"  >Livres et cartes<\/h3><div class=\"special-heading-border\"><div class=\"special-heading-inner-border\"><\/div><\/div><\/div><br \/>\n<section  class='av_textblock_section av-av_textblock-283972ea15f2e73870c23e2d6de3245d '   itemscope=\"itemscope\" itemtype=\"https:\/\/schema.org\/CreativeWork\" ><div class='avia_textblock'  itemprop=\"text\" ><p>Bien entendu, les livres et cartes postales \u00e0 l\u2019effigie de la Hollande et de ses traditions ne manquent pas. De jolis souvenirs de votre visite, afin d\u2019en profiter encore quelque peu une fois rentr\u00e9.<\/p>\n<\/div><\/section><\/p>\n<\/div><\/div>\n<style type=\"text\/css\" data-created_by=\"avia_inline_auto\" id=\"style-css-av-av_cell_one_third-f57c70f9f5a63fd800eb5b955b847c2a\">\n.flex_cell.av-av_cell_one_third-f57c70f9f5a63fd800eb5b955b847c2a{\nvertical-align:top;\n}\n.responsive #top #wrap_all .flex_cell.av-av_cell_one_third-f57c70f9f5a63fd800eb5b955b847c2a{\npadding:30px 30px 30px 30px !important;\n}\n<\/style>\n<div class='flex_cell av-av_cell_one_third-f57c70f9f5a63fd800eb5b955b847c2a av-gridrow-cell av_one_third no_margin  avia-builder-el-14  el_after_av_cell_one_third  avia-builder-el-last  content-align-top'  ><div class='flex_cell_inner'><p>\n<style type=\"text\/css\" data-created_by=\"avia_inline_auto\" id=\"style-css-av-av_heading-48c9c041ee2c45f3d2d691a3c1d9df00\">\n#top .av-special-heading.av-av_heading-48c9c041ee2c45f3d2d691a3c1d9df00{\npadding-bottom:10px;\n}\nbody .av-special-heading.av-av_heading-48c9c041ee2c45f3d2d691a3c1d9df00 .av-special-heading-tag .heading-char{\nfont-size:25px;\n}\n.av-special-heading.av-av_heading-48c9c041ee2c45f3d2d691a3c1d9df00 .av-subheading{\nfont-size:15px;\n}\n<\/style>\n<div  class='av-special-heading av-av_heading-48c9c041ee2c45f3d2d691a3c1d9df00 av-special-heading-h3 blockquote modern-quote  avia-builder-el-15  el_before_av_textblock  avia-builder-el-first '><h3 class='av-special-heading-tag '  itemprop=\"headline\"  >Magasin Wevershuis<\/h3><div class=\"special-heading-border\"><div class=\"special-heading-inner-border\"><\/div><\/div><\/div><br \/>\n<section  class='av_textblock_section av-av_textblock-283972ea15f2e73870c23e2d6de3245d '   itemscope=\"itemscope\" itemtype=\"https:\/\/schema.org\/CreativeWork\" ><div class='avia_textblock'  itemprop=\"text\" ><p>Laissez-vous surprendre par la Wevershuis du Zaanse Schans ! Le Zaans Museum propose un agr\u00e9able magasin o\u00f9 vous retrouverez de superbes torchons tiss\u00e9s \u00e0 la main et sacs, ainsi que de robustes articles contemporains faits de corde et de toile. Du textile au petit kit \u00e0 tisser pour enfants, vous y trouverez votre bonheur !<\/p>\n<\/div><\/section><\/p>\n<\/div><\/div><\/div><div id='av-layout-grid-3'  class='av-layout-grid-container av-av_layout_row-42fd8630215aff1cfd8b45bb424676b3 entry-content-wrapper main_color av-flex-cells  avia-builder-el-17  el_after_av_layout_row  avia-builder-el-last  grid-row-not-first  container_wrap fullsize'  >\n\n<style type=\"text\/css\" data-created_by=\"avia_inline_auto\" id=\"style-css-av-av_cell_one_full-53f55472d21e9fb5b94367d812a69b68\">\n.flex_cell.av-av_cell_one_full-53f55472d21e9fb5b94367d812a69b68{\nvertical-align:top;\nbackground-color:#32a3ea;\n}\n.responsive #top #wrap_all .flex_cell.av-av_cell_one_full-53f55472d21e9fb5b94367d812a69b68{\npadding:30px 30px 30px 30px !important;\n}\n<\/style>\n<div class='flex_cell av-av_cell_one_full-53f55472d21e9fb5b94367d812a69b68 av-gridrow-cell av_one_full no_margin  avia-builder-el-18  avia-builder-el-no-sibling  verloopBlauwGroen content-align-top'  ><div class='flex_cell_inner'><p>\n<style type=\"text\/css\" data-created_by=\"avia_inline_auto\" id=\"style-css-av-av_heading-e9825bd7aeb23d006cdd28036186397d\">\n#top .av-special-heading.av-av_heading-e9825bd7aeb23d006cdd28036186397d{\npadding-bottom:10px;\ncolor:#ffffff;\n}\nbody .av-special-heading.av-av_heading-e9825bd7aeb23d006cdd28036186397d .av-special-heading-tag .heading-char{\nfont-size:25px;\n}\n.av-special-heading.av-av_heading-e9825bd7aeb23d006cdd28036186397d .special-heading-inner-border{\nborder-color:#ffffff;\n}\n.av-special-heading.av-av_heading-e9825bd7aeb23d006cdd28036186397d .av-subheading{\nfont-size:15px;\n}\n<\/style>\n<div  class='av-special-heading av-av_heading-e9825bd7aeb23d006cdd28036186397d av-special-heading-h2 custom-color-heading blockquote modern-quote modern-centered  avia-builder-el-19  el_before_av_button  avia-builder-el-first '><h2 class='av-special-heading-tag '  itemprop=\"headline\"  >Visiter la magasin en ligne<\/h2><div class=\"special-heading-border\"><div class=\"special-heading-inner-border\"><\/div><\/div><\/div><br \/>\n<div  class='avia-button-wrap av-av_button-546e7f65cde6d37755bf1e64ec5024e4-wrap avia-button-center  avia-builder-el-20  el_after_av_heading  avia-builder-el-last '>\n<style type=\"text\/css\" data-created_by=\"avia_inline_auto\" id=\"style-css-av-av_button-546e7f65cde6d37755bf1e64ec5024e4\">\n#top #wrap_all .avia-button.av-av_button-546e7f65cde6d37755bf1e64ec5024e4{\nbackground-color:#ffffff;\nborder-color:#ffffff;\ncolor:#32a3ea;\ntransition:all 0.4s ease-in-out;\n}\n#top #wrap_all .avia-button.av-av_button-546e7f65cde6d37755bf1e64ec5024e4 .avia-svg-icon svg:first-child{\nfill:#32a3ea;\nstroke:#32a3ea;\n}\n<\/style>\n<a href='\/museumshop\/'  class='avia-button av-av_button-546e7f65cde6d37755bf1e64ec5024e4 av-link-btn avia-icon_select-no avia-size-medium avia-position-center'   aria-label=\"online shop\"><span class='avia_iconbox_title' >online shop<\/span><\/a><\/div><\/p>\n<\/div><\/div>\n<\/div><\/p>\n","protected":false},"excerpt":{"rendered":"","protected":false},"author":7,"featured_media":0,"parent":0,"menu_order":0,"comment_status":"closed","ping_status":"closed","template":"","meta":{"_acf_changed":false,"footnotes":""},"class_list":["post-7101","page","type-page","status-publish","hentry"],"acf":[],"yoast_head":"<!-- This site is optimized with the Yoast SEO plugin v27.4 - https:\/\/yoast.com\/product\/yoast-seo-wordpress\/ -->\n<title>Museumshop - Zaans Museum<\/title>\n<meta name=\"description\" content=\"Profitez d\u2019un bon caf\u00e9 et d\u2019une petite douceur ou d\u2019un d\u00e9licieux lunch avec vue sur les moulins et sur les polders hollandais. Faites-vous plaisir dans nos boutiques !\" \/>\n<meta name=\"robots\" content=\"index, follow, max-snippet:-1, max-image-preview:large, max-video-preview:-1\" \/>\n<link rel=\"canonical\" href=\"https:\/\/zaansmuseum.nl\/fr\/museumshop\/\" \/>\n<meta property=\"og:locale\" content=\"fr_FR\" \/>\n<meta property=\"og:type\" content=\"article\" \/>\n<meta property=\"og:title\" content=\"Museumshop - Zaans Museum\" \/>\n<meta property=\"og:description\" content=\"Profitez d\u2019un bon caf\u00e9 et d\u2019une petite douceur ou d\u2019un d\u00e9licieux lunch avec vue sur les moulins et sur les polders hollandais. Faites-vous plaisir dans nos boutiques !\" \/>\n<meta property=\"og:url\" content=\"https:\/\/zaansmuseum.nl\/fr\/museumshop\/\" \/>\n<meta property=\"og:site_name\" content=\"Zaans Museum\" \/>\n<meta property=\"article:publisher\" content=\"https:\/\/www.facebook.com\/zaansmuseum\" \/>\n<meta property=\"article:modified_time\" content=\"2022-11-08T08:40:13+00:00\" \/>\n<meta property=\"og:image\" content=\"https:\/\/zaansmuseum.nl\/wp-content\/uploads\/2017\/04\/Zaans-Museum-foto-Pascal-Fielmich-2-1030x687.jpg\" \/>\n\t<meta property=\"og:image:width\" content=\"1030\" \/>\n\t<meta property=\"og:image:height\" content=\"687\" \/>\n\t<meta property=\"og:image:type\" content=\"image\/jpeg\" \/>\n<meta name=\"twitter:card\" content=\"summary_large_image\" \/>\n<meta name=\"twitter:site\" content=\"@ZaansMuseum\" \/>\n<meta name=\"twitter:label1\" content=\"Dur\u00e9e de lecture estim\u00e9e\" \/>\n\t<meta name=\"twitter:data1\" content=\"5 minutes\" \/>\n<script type=\"application\/ld+json\" class=\"yoast-schema-graph\">{\"@context\":\"https:\\\/\\\/schema.org\",\"@graph\":[{\"@type\":\"WebPage\",\"@id\":\"https:\\\/\\\/zaansmuseum.nl\\\/fr\\\/museumshop\\\/\",\"url\":\"https:\\\/\\\/zaansmuseum.nl\\\/fr\\\/museumshop\\\/\",\"name\":\"Museumshop - Zaans Museum\",\"isPartOf\":{\"@id\":\"https:\\\/\\\/zaansmuseum.nl\\\/fr\\\/#website\"},\"datePublished\":\"2016-07-01T13:14:08+00:00\",\"dateModified\":\"2022-11-08T08:40:13+00:00\",\"description\":\"Profitez d\u2019un bon caf\u00e9 et d\u2019une petite douceur ou d\u2019un d\u00e9licieux lunch avec vue sur les moulins et sur les polders hollandais. Faites-vous plaisir dans nos boutiques !\",\"breadcrumb\":{\"@id\":\"https:\\\/\\\/zaansmuseum.nl\\\/fr\\\/museumshop\\\/#breadcrumb\"},\"inLanguage\":\"fr-FR\",\"potentialAction\":[{\"@type\":\"ReadAction\",\"target\":[\"https:\\\/\\\/zaansmuseum.nl\\\/fr\\\/museumshop\\\/\"]}]},{\"@type\":\"BreadcrumbList\",\"@id\":\"https:\\\/\\\/zaansmuseum.nl\\\/fr\\\/museumshop\\\/#breadcrumb\",\"itemListElement\":[{\"@type\":\"ListItem\",\"position\":1,\"name\":\"Home\",\"item\":\"https:\\\/\\\/zaansmuseum.nl\\\/fr\\\/info-billets-2\\\/\"},{\"@type\":\"ListItem\",\"position\":2,\"name\":\"Museumshop\"}]},{\"@type\":\"WebSite\",\"@id\":\"https:\\\/\\\/zaansmuseum.nl\\\/fr\\\/#website\",\"url\":\"https:\\\/\\\/zaansmuseum.nl\\\/fr\\\/\",\"name\":\"Zaans Museum\",\"description\":\"\",\"publisher\":{\"@id\":\"https:\\\/\\\/zaansmuseum.nl\\\/fr\\\/#organization\"},\"potentialAction\":[{\"@type\":\"SearchAction\",\"target\":{\"@type\":\"EntryPoint\",\"urlTemplate\":\"https:\\\/\\\/zaansmuseum.nl\\\/fr\\\/?s={search_term_string}\"},\"query-input\":{\"@type\":\"PropertyValueSpecification\",\"valueRequired\":true,\"valueName\":\"search_term_string\"}}],\"inLanguage\":\"fr-FR\"},{\"@type\":\"Organization\",\"@id\":\"https:\\\/\\\/zaansmuseum.nl\\\/fr\\\/#organization\",\"name\":\"Zaans Museum\",\"url\":\"https:\\\/\\\/zaansmuseum.nl\\\/fr\\\/\",\"logo\":{\"@type\":\"ImageObject\",\"inLanguage\":\"fr-FR\",\"@id\":\"https:\\\/\\\/zaansmuseum.nl\\\/fr\\\/#\\\/schema\\\/logo\\\/image\\\/\",\"url\":\"https:\\\/\\\/zaansmuseum.nl\\\/wp-content\\\/uploads\\\/2016\\\/12\\\/Zaans-Museum-Logo-Transparant.png\",\"contentUrl\":\"https:\\\/\\\/zaansmuseum.nl\\\/wp-content\\\/uploads\\\/2016\\\/12\\\/Zaans-Museum-Logo-Transparant.png\",\"width\":300,\"height\":62,\"caption\":\"Zaans Museum\"},\"image\":{\"@id\":\"https:\\\/\\\/zaansmuseum.nl\\\/fr\\\/#\\\/schema\\\/logo\\\/image\\\/\"},\"sameAs\":[\"https:\\\/\\\/www.facebook.com\\\/zaansmuseum\",\"https:\\\/\\\/x.com\\\/ZaansMuseum\",\"http:\\\/\\\/www.pictaram.com\\\/user\\\/zaansmuseum\\\/2140108873\",\"http:\\\/\\\/www.pinterest.com\\\/zaansmuseum\\\/\",\"http:\\\/\\\/www.youtube.com\\\/user\\\/ZaansMuseum\"]}]}<\/script>\n<!-- \/ Yoast SEO plugin. -->","yoast_head_json":{"title":"Museumshop - Zaans Museum","description":"Profitez d\u2019un bon caf\u00e9 et d\u2019une petite douceur ou d\u2019un d\u00e9licieux lunch avec vue sur les moulins et sur les polders hollandais. Faites-vous plaisir dans nos boutiques !","robots":{"index":"index","follow":"follow","max-snippet":"max-snippet:-1","max-image-preview":"max-image-preview:large","max-video-preview":"max-video-preview:-1"},"canonical":"https:\/\/zaansmuseum.nl\/fr\/museumshop\/","og_locale":"fr_FR","og_type":"article","og_title":"Museumshop - Zaans Museum","og_description":"Profitez d\u2019un bon caf\u00e9 et d\u2019une petite douceur ou d\u2019un d\u00e9licieux lunch avec vue sur les moulins et sur les polders hollandais. Faites-vous plaisir dans nos boutiques !","og_url":"https:\/\/zaansmuseum.nl\/fr\/museumshop\/","og_site_name":"Zaans Museum","article_publisher":"https:\/\/www.facebook.com\/zaansmuseum","article_modified_time":"2022-11-08T08:40:13+00:00","og_image":[{"width":1030,"height":687,"url":"https:\/\/zaansmuseum.nl\/wp-content\/uploads\/2017\/04\/Zaans-Museum-foto-Pascal-Fielmich-2-1030x687.jpg","type":"image\/jpeg"}],"twitter_card":"summary_large_image","twitter_site":"@ZaansMuseum","twitter_misc":{"Dur\u00e9e de lecture estim\u00e9e":"5 minutes"},"schema":{"@context":"https:\/\/schema.org","@graph":[{"@type":"WebPage","@id":"https:\/\/zaansmuseum.nl\/fr\/museumshop\/","url":"https:\/\/zaansmuseum.nl\/fr\/museumshop\/","name":"Museumshop - Zaans Museum","isPartOf":{"@id":"https:\/\/zaansmuseum.nl\/fr\/#website"},"datePublished":"2016-07-01T13:14:08+00:00","dateModified":"2022-11-08T08:40:13+00:00","description":"Profitez d\u2019un bon caf\u00e9 et d\u2019une petite douceur ou d\u2019un d\u00e9licieux lunch avec vue sur les moulins et sur les polders hollandais. Faites-vous plaisir dans nos boutiques !","breadcrumb":{"@id":"https:\/\/zaansmuseum.nl\/fr\/museumshop\/#breadcrumb"},"inLanguage":"fr-FR","potentialAction":[{"@type":"ReadAction","target":["https:\/\/zaansmuseum.nl\/fr\/museumshop\/"]}]},{"@type":"BreadcrumbList","@id":"https:\/\/zaansmuseum.nl\/fr\/museumshop\/#breadcrumb","itemListElement":[{"@type":"ListItem","position":1,"name":"Home","item":"https:\/\/zaansmuseum.nl\/fr\/info-billets-2\/"},{"@type":"ListItem","position":2,"name":"Museumshop"}]},{"@type":"WebSite","@id":"https:\/\/zaansmuseum.nl\/fr\/#website","url":"https:\/\/zaansmuseum.nl\/fr\/","name":"Zaans Museum","description":"","publisher":{"@id":"https:\/\/zaansmuseum.nl\/fr\/#organization"},"potentialAction":[{"@type":"SearchAction","target":{"@type":"EntryPoint","urlTemplate":"https:\/\/zaansmuseum.nl\/fr\/?s={search_term_string}"},"query-input":{"@type":"PropertyValueSpecification","valueRequired":true,"valueName":"search_term_string"}}],"inLanguage":"fr-FR"},{"@type":"Organization","@id":"https:\/\/zaansmuseum.nl\/fr\/#organization","name":"Zaans Museum","url":"https:\/\/zaansmuseum.nl\/fr\/","logo":{"@type":"ImageObject","inLanguage":"fr-FR","@id":"https:\/\/zaansmuseum.nl\/fr\/#\/schema\/logo\/image\/","url":"https:\/\/zaansmuseum.nl\/wp-content\/uploads\/2016\/12\/Zaans-Museum-Logo-Transparant.png","contentUrl":"https:\/\/zaansmuseum.nl\/wp-content\/uploads\/2016\/12\/Zaans-Museum-Logo-Transparant.png","width":300,"height":62,"caption":"Zaans Museum"},"image":{"@id":"https:\/\/zaansmuseum.nl\/fr\/#\/schema\/logo\/image\/"},"sameAs":["https:\/\/www.facebook.com\/zaansmuseum","https:\/\/x.com\/ZaansMuseum","http:\/\/www.pictaram.com\/user\/zaansmuseum\/2140108873","http:\/\/www.pinterest.com\/zaansmuseum\/","http:\/\/www.youtube.com\/user\/ZaansMuseum"]}]}},"_links":{"self":[{"href":"https:\/\/zaansmuseum.nl\/fr\/wp-json\/wp\/v2\/pages\/7101","targetHints":{"allow":["GET"]}}],"collection":[{"href":"https:\/\/zaansmuseum.nl\/fr\/wp-json\/wp\/v2\/pages"}],"about":[{"href":"https:\/\/zaansmuseum.nl\/fr\/wp-json\/wp\/v2\/types\/page"}],"author":[{"embeddable":true,"href":"https:\/\/zaansmuseum.nl\/fr\/wp-json\/wp\/v2\/users\/7"}],"replies":[{"embeddable":true,"href":"https:\/\/zaansmuseum.nl\/fr\/wp-json\/wp\/v2\/comments?post=7101"}],"version-history":[{"count":0,"href":"https:\/\/zaansmuseum.nl\/fr\/wp-json\/wp\/v2\/pages\/7101\/revisions"}],"wp:attachment":[{"href":"https:\/\/zaansmuseum.nl\/fr\/wp-json\/wp\/v2\/media?parent=7101"}],"curies":[{"name":"wp","href":"https:\/\/api.w.org\/{rel}","templated":true}]}}