{"id":46383,"date":"2022-01-14T13:10:23","date_gmt":"2022-01-14T12:10:23","guid":{"rendered":"https:\/\/zaansmuseum.nl\/?page_id=46383"},"modified":"2022-01-14T13:10:23","modified_gmt":"2022-01-14T12:10:23","slug":"da-fare-e-da-vedere-casa-dello-zar-pietro-il-grande","status":"publish","type":"page","link":"https:\/\/zaansmuseum.nl\/it\/casa-dello-zar-pietro-il-grande\/da-fare-e-da-vedere-casa-dello-zar-pietro-il-grande\/","title":{"rendered":"Da fare e da vedere (Casa dello zar Pietro il Grande)"},"content":{"rendered":"\n<style type=\"text\/css\" data-created_by=\"avia_inline_auto\" id=\"style-css-av-av_section-5adba1540654ccc06c1941759a64ad54\">\n.avia-section.av-av_section-5adba1540654ccc06c1941759a64ad54{\nbackground-repeat:no-repeat;\nbackground-image:url(https:\/\/zaansmuseum.nl\/wp-content\/uploads\/2020\/06\/Czaar-Peterhuisje-foto-Bart-Homburg-2-1500x630.jpg);\nbackground-position:50% 50%;\nbackground-attachment:fixed;\n}\n<\/style>\n<div id='av_section_1'  class='avia-section av-av_section-5adba1540654ccc06c1941759a64ad54 main_color avia-section-default avia-no-shadow  avia-builder-el-0  el_before_av_layout_row  avia-builder-el-first  avia-full-stretch avia-bg-style-fixed av-minimum-height av-minimum-height-50 av-height-50  container_wrap fullsize'  data-section-bg-repeat='stretch' data-av_minimum_height_pc='50' data-av_min_height_opt='50'><div class='container av-section-cont-open' ><main  role=\"main\" itemprop=\"mainContentOfPage\"  class='template-page content  av-content-full alpha units'><div class='post-entry post-entry-type-page post-entry-46383'><div class='entry-content-wrapper clearfix'>\n<\/div><\/div><\/main><!-- close content main element --><\/div><\/div><div id='av-layout-grid-1'  class='av-layout-grid-container av-av_layout_row-42fd8630215aff1cfd8b45bb424676b3 entry-content-wrapper main_color av-flex-cells  avia-builder-el-1  el_after_av_section  el_before_av_layout_row  grid-row-not-first  container_wrap fullsize'  >\n\n<style type=\"text\/css\" data-created_by=\"avia_inline_auto\" id=\"style-css-av-av_cell_one_full-9afe72e6a6eb6a4a94dc6304faadb634\">\n.flex_cell.av-av_cell_one_full-9afe72e6a6eb6a4a94dc6304faadb634{\nvertical-align:top;\nbackground-color:#d3755b;\n}\n.responsive #top #wrap_all .flex_cell.av-av_cell_one_full-9afe72e6a6eb6a4a94dc6304faadb634{\npadding:30px 30px 30px 30px !important;\n}\n<\/style>\n<div class='flex_cell av-av_cell_one_full-9afe72e6a6eb6a4a94dc6304faadb634 av-gridrow-cell av_one_full no_margin  avia-builder-el-2  avia-builder-el-no-sibling  content-align-top'  ><div class='flex_cell_inner'>\n<style type=\"text\/css\" data-created_by=\"avia_inline_auto\" id=\"style-css-av-av_heading-adb99365b8b2eb9297ffe621dad2202b\">\n#top .av-special-heading.av-av_heading-adb99365b8b2eb9297ffe621dad2202b{\npadding-bottom:10px;\ncolor:#ffffff;\n}\nbody .av-special-heading.av-av_heading-adb99365b8b2eb9297ffe621dad2202b .av-special-heading-tag .heading-char{\nfont-size:25px;\n}\n.av-special-heading.av-av_heading-adb99365b8b2eb9297ffe621dad2202b .special-heading-inner-border{\nborder-color:#ffffff;\n}\n.av-special-heading.av-av_heading-adb99365b8b2eb9297ffe621dad2202b .av-subheading{\nfont-size:15px;\n}\n<\/style>\n<div  class='av-special-heading av-av_heading-adb99365b8b2eb9297ffe621dad2202b av-special-heading-h1 custom-color-heading blockquote modern-quote  avia-builder-el-3  avia-builder-el-no-sibling '><h1 class='av-special-heading-tag '  itemprop=\"headline\"  >Da fare e da vedere<\/h1><div class=\"special-heading-border\"><div class=\"special-heading-inner-border\"><\/div><\/div><\/div>\n<\/div><\/div>\n<\/div>\n<div id='av-layout-grid-2'  class='av-layout-grid-container av-av_layout_row-caf1f26e08707a2ebe9176b630e736c2 entry-content-wrapper main_color av-flex-cells  avia-builder-el-4  el_after_av_layout_row  el_before_av_section  grid-row-not-first  container_wrap fullsize'  >\n\n<style type=\"text\/css\" data-created_by=\"avia_inline_auto\" id=\"style-css-av-av_cell_one_third-61869954845ae836cec700ad8485a41e\">\n.flex_cell.av-av_cell_one_third-61869954845ae836cec700ad8485a41e{\nvertical-align:top;\nbackground-color:#ffffff;\n}\n.responsive #top #wrap_all .flex_cell.av-av_cell_one_third-61869954845ae836cec700ad8485a41e{\npadding:30px 30px 30px 30px !important;\n}\n<\/style>\n<div class='flex_cell av-av_cell_one_third-61869954845ae836cec700ad8485a41e av-gridrow-cell av_one_third no_margin  avia-builder-el-5  el_before_av_cell_one_third  avia-builder-el-first  content-align-top'  ><div class='flex_cell_inner'><p>\n<style type=\"text\/css\" data-created_by=\"avia_inline_auto\" id=\"style-css-av-av_heading-bd142aa97a1048dd83c21e0d31ef47ad\">\n#top .av-special-heading.av-av_heading-bd142aa97a1048dd83c21e0d31ef47ad{\npadding-bottom:10px;\n}\nbody .av-special-heading.av-av_heading-bd142aa97a1048dd83c21e0d31ef47ad .av-special-heading-tag .heading-char{\nfont-size:25px;\n}\n.av-special-heading.av-av_heading-bd142aa97a1048dd83c21e0d31ef47ad .av-subheading{\nfont-size:15px;\n}\n<\/style>\n<div  class='av-special-heading av-av_heading-bd142aa97a1048dd83c21e0d31ef47ad av-special-heading-h3 blockquote modern-quote  avia-builder-el-6  el_before_av_textblock  avia-builder-el-first '><h3 class='av-special-heading-tag '  itemprop=\"headline\"  >La Casa dello zar Pietro il Grande<\/h3><div class=\"special-heading-border\"><div class=\"special-heading-inner-border\"><\/div><\/div><\/div><br \/>\n<section  class='av_textblock_section av-av_textblock-283972ea15f2e73870c23e2d6de3245d '   itemscope=\"itemscope\" itemtype=\"https:\/\/schema.org\/CreativeWork\" ><div class='avia_textblock'  itemprop=\"text\" ><p>La Casa dello zar Pietro il Grande \u00e8 una delle abitazioni in legno pi\u00f9 antiche dei Paesi Bassi, oltre che uno dei musei pi\u00f9 antichi (dopo il Teylers di Haarlem). Questa piccola casa, ormai famosa in tutto il mondo, ospit\u00f2 lo zar russo Pietro il Grande nel 1697.<\/p>\n<\/div><\/section><br \/>\n<div  class='avia-button-wrap av-av_button-8ba1ab1f403ce9f47af3f396ae234385-wrap avia-button-left  avia-builder-el-8  el_after_av_textblock  avia-builder-el-last '><a href='https:\/\/tickets.czaarpeterhuisje.nl\/it'  class='avia-button av-av_button-8ba1ab1f403ce9f47af3f396ae234385 av-link-btn avia-icon_select-no avia-size-medium avia-position-left avia-color-orange'   aria-label=\"Tickets\"><span class='avia_iconbox_title' >Tickets<\/span><\/a><\/div><\/p>\n<\/div><\/div>\n<style type=\"text\/css\" data-created_by=\"avia_inline_auto\" id=\"style-css-av-av_cell_one_third-f0faa5c94183208a777ee380666e2711\">\n.flex_cell.av-av_cell_one_third-f0faa5c94183208a777ee380666e2711{\nvertical-align:top;\nbackground-color:#edeff0;\n}\n.responsive #top #wrap_all .flex_cell.av-av_cell_one_third-f0faa5c94183208a777ee380666e2711{\npadding:30px 30px 30px 30px !important;\n}\n<\/style>\n<div class='flex_cell av-av_cell_one_third-f0faa5c94183208a777ee380666e2711 av-gridrow-cell av_one_third no_margin  avia-builder-el-9  el_after_av_cell_one_third  el_before_av_cell_one_third  content-align-top'  ><div class='flex_cell_inner'><section  class='av_textblock_section av-av_textblock-283972ea15f2e73870c23e2d6de3245d '   itemscope=\"itemscope\" itemtype=\"https:\/\/schema.org\/CreativeWork\" ><div class='avia_textblock'  itemprop=\"text\" ><p>Lo zar Pietro il Grande rimase sette giorni nella casa del fabbro Gerrit Kist. Il sovrano era venuto a Zaandam per apprendervi l&#8217;arte della carpenteria navale. Dopodich\u00e9 si rec\u00f2 ad Amsterdam, ai cantieri navali della V.O.C., ovvero la Compagnia delle Indie Orientali. Grazie al suo breve soggiorno, lo zar lasci\u00f2 all&#8217;umile casa di legno di un operaio navale, fama mondiale e il proprio nome.<\/p>\n<p>Prima di voi, sono passati a rendere visita alla Casa dello Zar Pietro il Grande gli zar russi, capi di stato, i sovrani olandesi e persino Napoleone e l&#8217;imperatrice Sissi, come ricordano i tanti nomi scritti e incisi sulle finestre e le pareti di legno.<\/p>\n<\/div><\/section>\n<\/div><\/div>\n<style type=\"text\/css\" data-created_by=\"avia_inline_auto\" id=\"style-css-av-av_cell_one_third-f57c70f9f5a63fd800eb5b955b847c2a\">\n.flex_cell.av-av_cell_one_third-f57c70f9f5a63fd800eb5b955b847c2a{\nvertical-align:top;\n}\n.responsive #top #wrap_all .flex_cell.av-av_cell_one_third-f57c70f9f5a63fd800eb5b955b847c2a{\npadding:30px 30px 30px 30px !important;\n}\n<\/style>\n<div class='flex_cell av-av_cell_one_third-f57c70f9f5a63fd800eb5b955b847c2a av-gridrow-cell av_one_third no_margin  avia-builder-el-11  el_after_av_cell_one_third  avia-builder-el-last  content-align-top'  ><div class='flex_cell_inner'><section  class='av_textblock_section av-av_textblock-283972ea15f2e73870c23e2d6de3245d '   itemscope=\"itemscope\" itemtype=\"https:\/\/schema.org\/CreativeWork\" ><div class='avia_textblock'  itemprop=\"text\" ><p>La Casa dello Zar Pietro il Grande conserva preziose memorie quali la maschera mortuaria dello zar Pietro, un busto di Anna Paulowna e i ritratti dello zar Pietro e di sua moglie, la zarina Caterina I.<\/p>\n<p>Gli zar russi e i sovrani olandesi erano consapevoli del valore inestimabile della Casa dello Zar Pietro il Grande. Per proteggerne la struttura in legno, nel XIX secolo la fecero puntellare, collocare su fondamenta e ricoprire. La casa e la sua copertura sono state dichiarate in seguito monumenti nazionali. Zaandam conta cos\u00ec in un posto solo due monumenti di piccole dimensioni, ma di grande importanza storica.<\/p>\n<\/div><\/section>\n<\/div><\/div>\n<\/div>\n\n<style type=\"text\/css\" data-created_by=\"avia_inline_auto\" id=\"style-css-av-av_section-b3c05016437ff177ad47c95b44772bf7\">\n.avia-section.av-av_section-b3c05016437ff177ad47c95b44772bf7{\nbackground-repeat:no-repeat;\nbackground-image:url(https:\/\/zaansmuseum.nl\/wp-content\/uploads\/2016\/01\/Czaar-Peterhuisje-e1532514396526-1030x687.jpg);\nbackground-position:50% 50%;\nbackground-attachment:scroll;\n}\n<\/style>\n<div id='av_section_2'  class='avia-section av-av_section-b3c05016437ff177ad47c95b44772bf7 main_color avia-section-default avia-no-shadow  avia-builder-el-13  el_after_av_layout_row  el_before_av_layout_row  avia-full-stretch avia-bg-style-scroll av-minimum-height av-minimum-height-75 av-height-75  av-section-with-video-bg container_wrap fullsize'  data-section-bg-repeat='stretch' data-av_minimum_height_pc='75' data-av_min_height_opt='75' data-section-video-ratio='16:9'><div  class='avia-slideshow av_slideshow_obj-1-69dae4c517935 avia-slideshow-featured av_slideshow avia-slide-slider av-slideshow-ui av-control-default av-slideshow-manual av-loop-once av-loop-manual-endless av-default-height-applied  av-section-video-bg avia-slideshow-1' data-slideshow-options=\"{&quot;animation&quot;:&quot;slide&quot;,&quot;autoplay&quot;:false,&quot;loop_autoplay&quot;:&quot;once&quot;,&quot;interval&quot;:5,&quot;loop_manual&quot;:&quot;manual-endless&quot;,&quot;autoplay_stopper&quot;:false,&quot;noNavigation&quot;:false,&quot;bg_slider&quot;:false,&quot;keep_padding&quot;:false,&quot;hoverpause&quot;:false,&quot;show_slide_delay&quot;:0}\"  itemprop=\"image\" itemscope=\"itemscope\" itemtype=\"https:\/\/schema.org\/ImageObject\" ><ul class='avia-slideshow-inner ' style='padding-bottom: 28.666666666667%;'><li  data-controls='disabled' data-mute='aviaTBaviaTBvideo_mute' data-loop='1' data-disable-autoplay=''  data-video-ratio='1.7777777777778' class='avia-slideshow-slide av_slideshow_obj-1-69dae4c517935__0  av-video-slide  av-video-service-youtube  av-hide-video-controls av-mute-video av-loop-video  av-single-slide slide-1 slide-odd'><div data-rel='slideshow-1' class='avia-slide-wrap '   ><div class='av-click-overlay'><\/div><div class='mejs-mediaelement'  itemprop=\"video\" itemtype=\"https:\/\/schema.org\/VideoObject\" ><div height='1600' width='900' class='av_youtube_frame' id='player_46383_153592912_1192531978'  data-autoplay='0'  data-videoid='5G9kop6iIpE'  data-hd='1'  data-rel='0'  data-wmode='opaque'  data-loop='0'  data-version='3'  data-autohide='1'  data-color='white'  data-controls='0'  data-iv_load_policy='3'  data-original_url='https:\/\/youtu.be\/5G9kop6iIpE' ><\/div><\/div><div class=\"av-click-to-play-overlay\"><div class=\"avia_playpause_icon\"><\/div><\/div><\/div><\/li><\/ul><\/div><div class='container av-section-cont-open' ><div class='template-page content  av-content-full alpha units'><div class='post-entry post-entry-type-page post-entry-46383'><div class='entry-content-wrapper clearfix'>\n\n<style type=\"text\/css\" data-created_by=\"avia_inline_auto\" id=\"style-css-av-av_hr-b7909a556cc4d7c56464cc493520d98c\">\n#top .hr.hr-invisible.av-av_hr-b7909a556cc4d7c56464cc493520d98c{\nheight:300px;\n}\n<\/style>\n<div  class='hr av-av_hr-b7909a556cc4d7c56464cc493520d98c hr-invisible  avia-builder-el-14  el_before_av_textblock  avia-builder-el-first '><span class='hr-inner '><span class=\"hr-inner-style\"><\/span><\/span><\/div>\n\n<style type=\"text\/css\" data-created_by=\"avia_inline_auto\" id=\"style-css-av-av_textblock-a5dfef86801b8605790ae74ce3daf0f5\">\n#top .av_textblock_section.av-av_textblock-a5dfef86801b8605790ae74ce3daf0f5 .avia_textblock{\ncolor:#ffffff;\n}\n<\/style>\n<section  class='av_textblock_section av-av_textblock-a5dfef86801b8605790ae74ce3daf0f5 '   itemscope=\"itemscope\" itemtype=\"https:\/\/schema.org\/CreativeWork\" ><div class='avia_textblock av_inherit_color'  itemprop=\"text\" ><p style=\"text-align: right;\"><a class=\"mfp-iframe lightbox-added\" href=\"https:\/\/www.youtube.com\/watch?v=5G9kop6iIpE\" rel=\"noopener\">Guarda il video con l\u2019audio qui<\/a><\/p>\n<\/div><\/section>\n\n<\/div><\/div><\/div><!-- close content main div --><\/div><\/div><div id='av-layout-grid-3'  class='av-layout-grid-container av-av_layout_row-42fd8630215aff1cfd8b45bb424676b3 entry-content-wrapper main_color av-flex-cells  avia-builder-el-16  el_after_av_section  avia-builder-el-last  grid-row-not-first  container_wrap fullsize'  >\n\n<style type=\"text\/css\" data-created_by=\"avia_inline_auto\" id=\"style-css-av-av_cell_one_full-9afe72e6a6eb6a4a94dc6304faadb634\">\n.flex_cell.av-av_cell_one_full-9afe72e6a6eb6a4a94dc6304faadb634{\nvertical-align:top;\nbackground-color:#d3755b;\n}\n.responsive #top #wrap_all .flex_cell.av-av_cell_one_full-9afe72e6a6eb6a4a94dc6304faadb634{\npadding:30px 30px 30px 30px !important;\n}\n<\/style>\n<div class='flex_cell av-av_cell_one_full-9afe72e6a6eb6a4a94dc6304faadb634 av-gridrow-cell av_one_full no_margin  avia-builder-el-17  avia-builder-el-no-sibling  content-align-top'  ><div class='flex_cell_inner'><\/div><\/div>\n<\/div>\n","protected":false},"excerpt":{"rendered":"","protected":false},"author":7,"featured_media":0,"parent":9861,"menu_order":0,"comment_status":"closed","ping_status":"closed","template":"","meta":{"_acf_changed":false,"footnotes":""},"class_list":["post-46383","page","type-page","status-publish","hentry"],"acf":[],"yoast_head":"<!-- This site is optimized with the Yoast SEO plugin v27.3 - https:\/\/yoast.com\/product\/yoast-seo-wordpress\/ -->\n<title>Da fare e da vedere (Casa dello zar Pietro il Grande) - Zaans Museum<\/title>\n<meta name=\"robots\" content=\"index, follow, max-snippet:-1, max-image-preview:large, max-video-preview:-1\" \/>\n<link rel=\"canonical\" href=\"https:\/\/zaansmuseum.nl\/it\/casa-dello-zar-pietro-il-grande\/da-fare-e-da-vedere-casa-dello-zar-pietro-il-grande\/\" \/>\n<meta property=\"og:locale\" content=\"it_IT\" \/>\n<meta property=\"og:type\" content=\"article\" \/>\n<meta property=\"og:title\" content=\"Da fare e da vedere (Casa dello zar Pietro il Grande) - Zaans Museum\" \/>\n<meta property=\"og:url\" content=\"https:\/\/zaansmuseum.nl\/it\/casa-dello-zar-pietro-il-grande\/da-fare-e-da-vedere-casa-dello-zar-pietro-il-grande\/\" \/>\n<meta property=\"og:site_name\" content=\"Zaans Museum\" \/>\n<meta property=\"article:publisher\" content=\"https:\/\/www.facebook.com\/zaansmuseum\" \/>\n<meta property=\"og:image\" content=\"https:\/\/zaansmuseum.nl\/wp-content\/uploads\/2017\/04\/Zaans-Museum-foto-Pascal-Fielmich-2-1030x687.jpg\" \/>\n\t<meta property=\"og:image:width\" content=\"1030\" \/>\n\t<meta property=\"og:image:height\" content=\"687\" \/>\n\t<meta property=\"og:image:type\" content=\"image\/jpeg\" \/>\n<meta name=\"twitter:card\" content=\"summary_large_image\" \/>\n<meta name=\"twitter:site\" content=\"@ZaansMuseum\" \/>\n<meta name=\"twitter:label1\" content=\"Tempo di lettura stimato\" \/>\n\t<meta name=\"twitter:data1\" content=\"5 minuti\" \/>\n<script type=\"application\/ld+json\" class=\"yoast-schema-graph\">{\"@context\":\"https:\\\/\\\/schema.org\",\"@graph\":[{\"@type\":\"WebPage\",\"@id\":\"https:\\\/\\\/zaansmuseum.nl\\\/it\\\/casa-dello-zar-pietro-il-grande\\\/da-fare-e-da-vedere-casa-dello-zar-pietro-il-grande\\\/\",\"url\":\"https:\\\/\\\/zaansmuseum.nl\\\/it\\\/casa-dello-zar-pietro-il-grande\\\/da-fare-e-da-vedere-casa-dello-zar-pietro-il-grande\\\/\",\"name\":\"Da fare e da vedere (Casa dello zar Pietro il Grande) - Zaans Museum\",\"isPartOf\":{\"@id\":\"https:\\\/\\\/zaansmuseum.nl\\\/fr\\\/#website\"},\"datePublished\":\"2022-01-14T12:10:23+00:00\",\"breadcrumb\":{\"@id\":\"https:\\\/\\\/zaansmuseum.nl\\\/it\\\/casa-dello-zar-pietro-il-grande\\\/da-fare-e-da-vedere-casa-dello-zar-pietro-il-grande\\\/#breadcrumb\"},\"inLanguage\":\"it-IT\",\"potentialAction\":[{\"@type\":\"ReadAction\",\"target\":[\"https:\\\/\\\/zaansmuseum.nl\\\/it\\\/casa-dello-zar-pietro-il-grande\\\/da-fare-e-da-vedere-casa-dello-zar-pietro-il-grande\\\/\"]}]},{\"@type\":\"BreadcrumbList\",\"@id\":\"https:\\\/\\\/zaansmuseum.nl\\\/it\\\/casa-dello-zar-pietro-il-grande\\\/da-fare-e-da-vedere-casa-dello-zar-pietro-il-grande\\\/#breadcrumb\",\"itemListElement\":[{\"@type\":\"ListItem\",\"position\":1,\"name\":\"Home\",\"item\":\"https:\\\/\\\/zaansmuseum.nl\\\/it\\\/informazioni-biglietti-2\\\/\"},{\"@type\":\"ListItem\",\"position\":2,\"name\":\"Informazioni e Biglietti (Casa dello zar Pietro il Grande)\",\"item\":\"https:\\\/\\\/zaansmuseum.nl\\\/it\\\/casa-dello-zar-pietro-il-grande\\\/\"},{\"@type\":\"ListItem\",\"position\":3,\"name\":\"Da fare e da vedere (Casa dello zar Pietro il Grande)\"}]},{\"@type\":\"WebSite\",\"@id\":\"https:\\\/\\\/zaansmuseum.nl\\\/fr\\\/#website\",\"url\":\"https:\\\/\\\/zaansmuseum.nl\\\/fr\\\/\",\"name\":\"Zaans Museum\",\"description\":\"\",\"publisher\":{\"@id\":\"https:\\\/\\\/zaansmuseum.nl\\\/fr\\\/#organization\"},\"potentialAction\":[{\"@type\":\"SearchAction\",\"target\":{\"@type\":\"EntryPoint\",\"urlTemplate\":\"https:\\\/\\\/zaansmuseum.nl\\\/fr\\\/?s={search_term_string}\"},\"query-input\":{\"@type\":\"PropertyValueSpecification\",\"valueRequired\":true,\"valueName\":\"search_term_string\"}}],\"inLanguage\":\"it-IT\"},{\"@type\":\"Organization\",\"@id\":\"https:\\\/\\\/zaansmuseum.nl\\\/fr\\\/#organization\",\"name\":\"Zaans Museum\",\"url\":\"https:\\\/\\\/zaansmuseum.nl\\\/fr\\\/\",\"logo\":{\"@type\":\"ImageObject\",\"inLanguage\":\"it-IT\",\"@id\":\"https:\\\/\\\/zaansmuseum.nl\\\/fr\\\/#\\\/schema\\\/logo\\\/image\\\/\",\"url\":\"https:\\\/\\\/zaansmuseum.nl\\\/wp-content\\\/uploads\\\/2016\\\/12\\\/Zaans-Museum-Logo-Transparant.png\",\"contentUrl\":\"https:\\\/\\\/zaansmuseum.nl\\\/wp-content\\\/uploads\\\/2016\\\/12\\\/Zaans-Museum-Logo-Transparant.png\",\"width\":300,\"height\":62,\"caption\":\"Zaans Museum\"},\"image\":{\"@id\":\"https:\\\/\\\/zaansmuseum.nl\\\/fr\\\/#\\\/schema\\\/logo\\\/image\\\/\"},\"sameAs\":[\"https:\\\/\\\/www.facebook.com\\\/zaansmuseum\",\"https:\\\/\\\/x.com\\\/ZaansMuseum\",\"http:\\\/\\\/www.pictaram.com\\\/user\\\/zaansmuseum\\\/2140108873\",\"http:\\\/\\\/www.pinterest.com\\\/zaansmuseum\\\/\",\"http:\\\/\\\/www.youtube.com\\\/user\\\/ZaansMuseum\"]}]}<\/script>\n<!-- \/ Yoast SEO plugin. -->","yoast_head_json":{"title":"Da fare e da vedere (Casa dello zar Pietro il Grande) - Zaans Museum","robots":{"index":"index","follow":"follow","max-snippet":"max-snippet:-1","max-image-preview":"max-image-preview:large","max-video-preview":"max-video-preview:-1"},"canonical":"https:\/\/zaansmuseum.nl\/it\/casa-dello-zar-pietro-il-grande\/da-fare-e-da-vedere-casa-dello-zar-pietro-il-grande\/","og_locale":"it_IT","og_type":"article","og_title":"Da fare e da vedere (Casa dello zar Pietro il Grande) - Zaans Museum","og_url":"https:\/\/zaansmuseum.nl\/it\/casa-dello-zar-pietro-il-grande\/da-fare-e-da-vedere-casa-dello-zar-pietro-il-grande\/","og_site_name":"Zaans Museum","article_publisher":"https:\/\/www.facebook.com\/zaansmuseum","og_image":[{"width":1030,"height":687,"url":"https:\/\/zaansmuseum.nl\/wp-content\/uploads\/2017\/04\/Zaans-Museum-foto-Pascal-Fielmich-2-1030x687.jpg","type":"image\/jpeg"}],"twitter_card":"summary_large_image","twitter_site":"@ZaansMuseum","twitter_misc":{"Tempo di lettura stimato":"5 minuti"},"schema":{"@context":"https:\/\/schema.org","@graph":[{"@type":"WebPage","@id":"https:\/\/zaansmuseum.nl\/it\/casa-dello-zar-pietro-il-grande\/da-fare-e-da-vedere-casa-dello-zar-pietro-il-grande\/","url":"https:\/\/zaansmuseum.nl\/it\/casa-dello-zar-pietro-il-grande\/da-fare-e-da-vedere-casa-dello-zar-pietro-il-grande\/","name":"Da fare e da vedere (Casa dello zar Pietro il Grande) - Zaans Museum","isPartOf":{"@id":"https:\/\/zaansmuseum.nl\/fr\/#website"},"datePublished":"2022-01-14T12:10:23+00:00","breadcrumb":{"@id":"https:\/\/zaansmuseum.nl\/it\/casa-dello-zar-pietro-il-grande\/da-fare-e-da-vedere-casa-dello-zar-pietro-il-grande\/#breadcrumb"},"inLanguage":"it-IT","potentialAction":[{"@type":"ReadAction","target":["https:\/\/zaansmuseum.nl\/it\/casa-dello-zar-pietro-il-grande\/da-fare-e-da-vedere-casa-dello-zar-pietro-il-grande\/"]}]},{"@type":"BreadcrumbList","@id":"https:\/\/zaansmuseum.nl\/it\/casa-dello-zar-pietro-il-grande\/da-fare-e-da-vedere-casa-dello-zar-pietro-il-grande\/#breadcrumb","itemListElement":[{"@type":"ListItem","position":1,"name":"Home","item":"https:\/\/zaansmuseum.nl\/it\/informazioni-biglietti-2\/"},{"@type":"ListItem","position":2,"name":"Informazioni e Biglietti (Casa dello zar Pietro il Grande)","item":"https:\/\/zaansmuseum.nl\/it\/casa-dello-zar-pietro-il-grande\/"},{"@type":"ListItem","position":3,"name":"Da fare e da vedere (Casa dello zar Pietro il Grande)"}]},{"@type":"WebSite","@id":"https:\/\/zaansmuseum.nl\/fr\/#website","url":"https:\/\/zaansmuseum.nl\/fr\/","name":"Zaans Museum","description":"","publisher":{"@id":"https:\/\/zaansmuseum.nl\/fr\/#organization"},"potentialAction":[{"@type":"SearchAction","target":{"@type":"EntryPoint","urlTemplate":"https:\/\/zaansmuseum.nl\/fr\/?s={search_term_string}"},"query-input":{"@type":"PropertyValueSpecification","valueRequired":true,"valueName":"search_term_string"}}],"inLanguage":"it-IT"},{"@type":"Organization","@id":"https:\/\/zaansmuseum.nl\/fr\/#organization","name":"Zaans Museum","url":"https:\/\/zaansmuseum.nl\/fr\/","logo":{"@type":"ImageObject","inLanguage":"it-IT","@id":"https:\/\/zaansmuseum.nl\/fr\/#\/schema\/logo\/image\/","url":"https:\/\/zaansmuseum.nl\/wp-content\/uploads\/2016\/12\/Zaans-Museum-Logo-Transparant.png","contentUrl":"https:\/\/zaansmuseum.nl\/wp-content\/uploads\/2016\/12\/Zaans-Museum-Logo-Transparant.png","width":300,"height":62,"caption":"Zaans Museum"},"image":{"@id":"https:\/\/zaansmuseum.nl\/fr\/#\/schema\/logo\/image\/"},"sameAs":["https:\/\/www.facebook.com\/zaansmuseum","https:\/\/x.com\/ZaansMuseum","http:\/\/www.pictaram.com\/user\/zaansmuseum\/2140108873","http:\/\/www.pinterest.com\/zaansmuseum\/","http:\/\/www.youtube.com\/user\/ZaansMuseum"]}]}},"_links":{"self":[{"href":"https:\/\/zaansmuseum.nl\/it\/wp-json\/wp\/v2\/pages\/46383","targetHints":{"allow":["GET"]}}],"collection":[{"href":"https:\/\/zaansmuseum.nl\/it\/wp-json\/wp\/v2\/pages"}],"about":[{"href":"https:\/\/zaansmuseum.nl\/it\/wp-json\/wp\/v2\/types\/page"}],"author":[{"embeddable":true,"href":"https:\/\/zaansmuseum.nl\/it\/wp-json\/wp\/v2\/users\/7"}],"replies":[{"embeddable":true,"href":"https:\/\/zaansmuseum.nl\/it\/wp-json\/wp\/v2\/comments?post=46383"}],"version-history":[{"count":0,"href":"https:\/\/zaansmuseum.nl\/it\/wp-json\/wp\/v2\/pages\/46383\/revisions"}],"up":[{"embeddable":true,"href":"https:\/\/zaansmuseum.nl\/it\/wp-json\/wp\/v2\/pages\/9861"}],"wp:attachment":[{"href":"https:\/\/zaansmuseum.nl\/it\/wp-json\/wp\/v2\/media?parent=46383"}],"curies":[{"name":"wp","href":"https:\/\/api.w.org\/{rel}","templated":true}]}}